{"id":1106,"date":"2024-03-29T12:53:41","date_gmt":"2024-03-29T12:53:41","guid":{"rendered":"https:\/\/time2shine.fr\/?page_id=1106"},"modified":"2026-01-10T09:52:58","modified_gmt":"2026-01-10T09:52:58","slug":"formation","status":"publish","type":"page","link":"https:\/\/time2shine.fr\/en\/formation\/","title":{"rendered":"Formation"},"content":{"rendered":"<p>[et_pb_section fb_built=&#8221;1&#8243; _builder_version=&#8221;4.22.1&#8243; _module_preset=&#8221;410f74cb-702f-45ce-87f5-3b7d4d8b9156&#8243; global_colors_info=&#8221;{}&#8221;][et_pb_row column_structure=&#8221;1_2,1_2&#8243; _builder_version=&#8221;4.22.1&#8243; _module_preset=&#8221;default&#8221; global_colors_info=&#8221;{}&#8221;][et_pb_column type=&#8221;1_2&#8243; _builder_version=&#8221;4.22.1&#8243; _module_preset=&#8221;default&#8221; global_colors_info=&#8221;{}&#8221;][lwp_divi_breadcrumbs home_text=&#8221;Accueil&#8221; font_icon=&#8221;&#x35;||divi||400&#8243; _builder_version=&#8221;4.25.1&#8243; _module_preset=&#8221;default&#8221; global_colors_info=&#8221;{}&#8221;][\/lwp_divi_breadcrumbs][et_pb_text _builder_version=&#8221;4.23&#8243; _module_preset=&#8221;default&#8221; custom_margin=&#8221;-48px||0px||false|false&#8221; content_en_gb=&#8221;<\/p>\n<h1>Offering a full range of coaching services to  develop potential and achieve career goals<\/h1>\n<p>&#8221; global_colors_info=&#8221;{}&#8221;]<\/p>\n<h1>Mes accompagnements en Formation<\/h1>\n<p>[\/et_pb_text][et_pb_text _builder_version=&#8221;4.23&#8243; _module_preset=&#8221;9e3829af-4b6a-469d-8a0c-173f73e58fb4&#8243; content_en_gb=&#8221;<\/p>\n<p><span>In the dynamic and ever-evolving world of businesses, success increasingly relies on employees&#8217; <strong>ability to adapt, innovate, and excel in their roles.<\/strong><\/span><\/p>\n<p>&#8221; global_colors_info=&#8221;{}&#8221;]<\/p>\n<p>Dans le monde dynamique et en constante \u00e9volution des entreprises, la r\u00e9ussite repose de plus en plus sur la <strong>capacit\u00e9 des collaborateurs \u00e0 se d\u00e9velopper et se positionner \u00e0 leur juste place<\/strong>.<\/p>\n<p>[\/et_pb_text][dsm_button button_one_text=&#8221;Prendre rendez-vous&#8221; button_one_url=&#8221;https:\/\/zcal.co\/time2shine\/echange20min&#8221; button_one_url_new_window=&#8221;on&#8221; button_two_text=&#8221;D\u00e9couvrir notre catalogue&#8221; button_two_url=&#8221;#catalogue&#8221; _builder_version=&#8221;4.25.1&#8243; _module_preset=&#8221;default&#8221; button_one_text_en_gb=&#8221;Schedule an appointment&#8221; button_two_text_en_gb=&#8221;Discover my services&#8221; global_colors_info=&#8221;{}&#8221;][\/dsm_button][\/et_pb_column][et_pb_column type=&#8221;1_2&#8243; _builder_version=&#8221;4.22.1&#8243; _module_preset=&#8221;default&#8221; global_colors_info=&#8221;{}&#8221;][et_pb_image src=&#8221;http:\/\/time2shine.fr\/wp-content\/uploads\/2023\/10\/Etape.png&#8221; alt=&#8221;Illustration&#8221; title_text=&#8221;\u00c9tape&#8221; align=&#8221;right&#8221; _builder_version=&#8221;4.25.1&#8243; _module_preset=&#8221;default&#8221; global_colors_info=&#8221;{}&#8221;][\/et_pb_image][\/et_pb_column][\/et_pb_row][et_pb_row column_structure=&#8221;1_2,1_2&#8243; _builder_version=&#8221;4.22.1&#8243; _module_preset=&#8221;default&#8221; custom_margin=&#8221;96px||0px||false|false&#8221; global_colors_info=&#8221;{}&#8221;][et_pb_column type=&#8221;1_2&#8243; _builder_version=&#8221;4.22.1&#8243; _module_preset=&#8221;default&#8221; global_colors_info=&#8221;{}&#8221;][et_pb_text _builder_version=&#8221;4.23&#8243; _module_preset=&#8221;default&#8221; content_en_gb=&#8221;<\/p>\n<p><span style=%22white-space: pre-wrap;%22>There are multiple challenges to face as a professionnal. They need to<span> succeed and continuously adapt to highly dynamic environments to ensure company&#8217;s performance.<\/span><\/span><\/p>\n<p>&#8221; global_colors_info=&#8221;{}&#8221;]<\/p>\n<p><span data-metadata=\"&lt;!--(figmeta)eyJmaWxlS2V5IjoiR3JIanYxMUhnZFI2d1ZKNHpKc2NJdiIsInBhc3RlSUQiOjE0NTE3MzcyNzgsImRhdGFUeXBlIjoic2NlbmUifQo=(\/figmeta)--&gt;\"><\/span><span style=\"white-space: pre-wrap;\">Se faire accompagner pour faciliter les ajustements et mieux vivre le changement est un r\u00e9el soutien voire un acc\u00e9l\u00e9rateur dans son d\u00e9veloppement professionnel. <\/span><span style=\"white-space: pre-wrap;\"><span>Nos dispositifs s\u2019adaptent aux besoins et au rythme de chaque collaborateur. <\/span><\/span><\/p>\n<p>[\/et_pb_text][\/et_pb_column][et_pb_column type=&#8221;1_2&#8243; _builder_version=&#8221;4.22.1&#8243; _module_preset=&#8221;default&#8221; global_colors_info=&#8221;{}&#8221;][et_pb_text _builder_version=&#8221;4.23&#8243; _module_preset=&#8221;default&#8221; content_en_gb=&#8221;<\/p>\n<p><span style=%22white-space: pre-wrap;%22>Being coached to better adapt and navigate through change is a real support and might be a game changer in <span>one&#8217;s professional development.<\/span>.<\/span><\/p>\n<p>&#8221; global_colors_info=&#8221;{}&#8221;]<\/p>\n<p><span data-metadata=\"&lt;!--(figmeta)eyJmaWxlS2V5IjoiR3JIanYxMUhnZFI2d1ZKNHpKc2NJdiIsInBhc3RlSUQiOjI0ODc2MTQwMywiZGF0YVR5cGUiOiJzY2VuZSJ9Cg==(\/figmeta)--&gt;\"><\/span><span>Ils sont donc ajust\u00e9 en fonction de la probl\u00e9matique en termes de rythme et de modalit\u00e9. Que vous pr\u00e9f\u00e9riez une approche en pr\u00e9sentiel, \u00e0 distance ou une combinaison des deux, <strong>nos offres sont con\u00e7ues pour r\u00e9pondre \u00e0 vos pr\u00e9f\u00e9rences et \u00e0 vos contraintes<\/strong>.<\/span><\/p>\n<p>[\/et_pb_text][\/et_pb_column][\/et_pb_row][\/et_pb_section][et_pb_section fb_built=&#8221;1&#8243; admin_label=&#8221;Section&#8221; module_id=&#8221;catalogue&#8221; _builder_version=&#8221;4.25.1&#8243; _module_preset=&#8221;019458d8-7d44-4aca-b084-d2244bdcf63b&#8221; global_colors_info=&#8221;{}&#8221;][et_pb_row column_structure=&#8221;1_2,1_2&#8243; _builder_version=&#8221;4.22.1&#8243; _module_preset=&#8221;default&#8221; custom_margin=&#8221;96px||0px||false|false&#8221; global_colors_info=&#8221;{}&#8221;][et_pb_column type=&#8221;1_2&#8243; _builder_version=&#8221;4.22.1&#8243; _module_preset=&#8221;default&#8221; global_colors_info=&#8221;{}&#8221;][et_pb_text _builder_version=&#8221;4.24.2&#8243; _module_preset=&#8221;default&#8221; content_en_gb=&#8221;<\/p>\n<h3>DISC model<\/h3>\n<p>&#8221; global_colors_info=&#8221;{}&#8221;]<\/p>\n<h2>Nos Formations<\/h2>\n<p>[\/et_pb_text][et_pb_text _builder_version=&#8221;4.23.1&#8243; _module_preset=&#8221;default&#8221; custom_margin=&#8221;0px|-595px|0px||true|false&#8221; global_colors_info=&#8221;{}&#8221;]<\/p>\n<p>La restitution en individuel ou en collectif de profils DISC est un moyen puissant d&#8217;am\u00e9liorer la compr\u00e9hension mutuelle au sein de l&#8217;\u00e9quipe, d&#8217;accro\u00eetre l&#8217;efficacit\u00e9 de la communication et de renforcer la collaboration. Cela peut contribuer \u00e0 cr\u00e9er un environnement de travail plus harmonieux et productif.<\/p>\n<p>[\/et_pb_text][\/et_pb_column][et_pb_column type=&#8221;1_2&#8243; _builder_version=&#8221;4.22.1&#8243; _module_preset=&#8221;f35670bb-9510-4f47-88e9-a1db4866c2d2&#8243; global_colors_info=&#8221;{}&#8221;][\/et_pb_column][\/et_pb_row][et_pb_row use_custom_gutter=&#8221;on&#8221; gutter_width=&#8221;2&#8243; make_equal=&#8221;on&#8221; _builder_version=&#8221;4.24.2&#8243; _module_preset=&#8221;default&#8221; global_colors_info=&#8221;{}&#8221;][et_pb_column type=&#8221;4_4&#8243; _builder_version=&#8221;4.22.1&#8243; _module_preset=&#8221;08b133e7-aa4d-4914-9b69-f29aedb65947&#8243; global_colors_info=&#8221;{}&#8221;][et_pb_text _builder_version=&#8221;4.24.2&#8243; _module_preset=&#8221;default&#8221; content_en_gb=&#8221;<\/p>\n<div class=%22flex gap-16%22>\n<div class=%22tag primary-tag%22>DISC<\/div>\n<div class=%22tag secondary-tag%22>Managers\/Employees<\/div>\n<\/div>\n<p>&#8221; global_colors_info=&#8221;{}&#8221;]<\/p>\n<div class=\"flex gap-16\">\n<div class=\"tag primary-tag\">Formation<\/div>\n<div class=\"tag primary-tag\">DISC<\/div>\n<div class=\"tag secondary-tag\">Manager\/Collaborateur<\/div>\n<div class=\"tag secondary-tag\">Particulier<\/div>\n<\/div>\n<p>[\/et_pb_text][et_pb_text _builder_version=&#8221;4.24.2&#8243; _module_preset=&#8221;default&#8221; global_colors_info=&#8221;{}&#8221;]<\/p>\n<h3>Formation Mieux se Connaitre pour Mieux Travailler ensemble<\/h3>\n<p>[\/et_pb_text][et_pb_button button_url=&#8221;@ET-DC@eyJkeW5hbWljIjp0cnVlLCJjb250ZW50IjoicG9zdF9saW5rX3VybF9wYWdlIiwic2V0dGluZ3MiOnsicG9zdF9pZCI6IjExNTMifX0=@&#8221; button_text=&#8221;En savoir plus&#8221; _builder_version=&#8221;4.25.1&#8243; _dynamic_attributes=&#8221;button_url&#8221; _module_preset=&#8221;73485699-654a-4111-9a81-6fdb367faf69&#8243; button_bg_color=&#8221;RGBA(255,255,255,0)&#8221; custom_margin=&#8221;auto||0px||false|false&#8221; button_text_en_gb=&#8221;Learn more&#8221; global_colors_info=&#8221;{%22gcid-94fcee24-2567-4673-a573-3790570cd743%22:%91%22button_border_color%22,%22button_border_color%22%93,%22gcid-5190ae67-17dd-40f1-8cfc-f201b4017bb6%22:%91%22button_bg_color__hover%22,%22button_bg_color__hover%22%93,%22gcid-7f5ee522-2520-4813-ac8f-826feed6fd9a%22:%91%22button_border_color__hover%22,%22button_border_color__hover%22%93}&#8221;][\/et_pb_button][\/et_pb_column][\/et_pb_row][et_pb_row use_custom_gutter=&#8221;on&#8221; gutter_width=&#8221;2&#8243; make_equal=&#8221;on&#8221; _builder_version=&#8221;4.24.2&#8243; _module_preset=&#8221;default&#8221; custom_margin=&#8221;96px||0px||false|false&#8221; global_colors_info=&#8221;{}&#8221;][et_pb_column type=&#8221;4_4&#8243; _builder_version=&#8221;4.22.1&#8243; _module_preset=&#8221;08b133e7-aa4d-4914-9b69-f29aedb65947&#8243; global_colors_info=&#8221;{}&#8221;][et_pb_text _builder_version=&#8221;4.22.1&#8243; _module_preset=&#8221;default&#8221; global_colors_info=&#8221;{}&#8221;]<\/p>\n<h3>Obtenir un devis<\/h3>\n<p>[\/et_pb_text][et_pb_text _builder_version=&#8221;4.22.1&#8243; _module_preset=&#8221;default&#8221; custom_margin=&#8221;0px||0px||false|false&#8221; global_colors_info=&#8221;{}&#8221;]<\/p>\n<p>Pour toute question sur nos programmes de formations et bilans de comp\u00e9tences, nous sommes \u00e0 votre disposition.<\/p>\n<p>[\/et_pb_text][et_pb_button button_url=&#8221;https:\/\/zcal.co\/time2shine\/echange20min&#8221; button_text=&#8221;Nous Contacter&#8221; _builder_version=&#8221;4.25.1&#8243; _module_preset=&#8221;_initial&#8221; custom_margin=&#8221;auto||0px||false|false&#8221; button_text_en_gb=&#8221;Register for upcoming webinar&#8221; global_colors_info=&#8221;{%22gcid-7f5ee522-2520-4813-ac8f-826feed6fd9a%22:%91%22button_border_color__hover%22,%22button_border_color__hover%22,%22button_border_color__hover%22,%22button_border_color__hover%22,%22button_border_color__hover%22%93,%22gcid-4cd902c2-4841-4965-bcaf-4a8ede2da60d%22:%91%22button_bg_color__hover%22,%22button_bg_color__hover%22,%22button_bg_color__hover%22%93,%22gcid-69031a75-4e6f-4ecb-aaa1-54da8d0f9bc5%22:%91%22button_border_color%22,%22button_border_color%22,%22button_border_color%22%93,%22gcid-94fcee24-2567-4673-a573-3790570cd743%22:%91%22button_border_color%22,%22button_bg_color%22%93,%22gcid-5190ae67-17dd-40f1-8cfc-f201b4017bb6%22:%91%22button_bg_color__hover%22,%22button_bg_color__hover%22%93}&#8221;][\/et_pb_button][\/et_pb_column][\/et_pb_row][et_pb_row use_custom_gutter=&#8221;on&#8221; gutter_width=&#8221;2&#8243; make_equal=&#8221;on&#8221; _builder_version=&#8221;4.25.1&#8243; _module_preset=&#8221;default&#8221; custom_margin=&#8221;96px||0px||false|false&#8221; global_colors_info=&#8221;{}&#8221;][et_pb_column type=&#8221;4_4&#8243; _builder_version=&#8221;4.22.1&#8243; _module_preset=&#8221;08b133e7-aa4d-4914-9b69-f29aedb65947&#8243; global_colors_info=&#8221;{}&#8221;][et_pb_text _builder_version=&#8221;4.24.2&#8243; _module_preset=&#8221;default&#8221; global_colors_info=&#8221;{}&#8221;]<\/p>\n<h3>Points de Contact &amp; R\u00e9f\u00e9rents<\/h3>\n<p>[\/et_pb_text][et_pb_text _builder_version=&#8221;4.24.2&#8243; _module_preset=&#8221;default&#8221; content_en_gb=&#8221;<\/p>\n<div class=%22flex gap-16%22>\n<div class=%22tag primary-tag%22>DISC<\/div>\n<div class=%22tag secondary-tag%22>Managers\/Employees<\/div>\n<\/div>\n<p>&#8221; global_colors_info=&#8221;{}&#8221;]<\/p>\n<div class=\"flex gap-16\">\n<div class=\"tag primary-tag\">R\u00e9f\u00e9rent P\u00e9dagogique<\/div>\n<div class=\"tag primary-tag\">R\u00e9f\u00e9rent Technique<\/div>\n<div class=\"tag primary-tag\">R\u00e9f\u00e9rent Administratif<\/div>\n<div class=\"tag primary-tag\">R\u00e9f\u00e9rent Communication<\/div>\n<div class=\"tag primary-tag\">R\u00e9f\u00e9rent Handicap<\/div>\n<\/div>\n<p>[\/et_pb_text][et_pb_text _builder_version=&#8221;4.24.2&#8243; _module_preset=&#8221;default&#8221; content_en_gb=&#8221;<\/p>\n<p><span>Professionnal coaching will adapt to the developement needs for each collaborator. It is ajusted in terms of frequency, timeline and modality based on the coaching objectives.<\/span><\/p>\n<p>&#8221; global_colors_info=&#8221;{}&#8221;]<\/p>\n<p>Pour toute question ou toute r\u00e9clamation, n&#8217;h\u00e9sitez pas \u00e0 nous contacter: <a href=\"mailto:contact@time2shine.fr\">contact@time2shine.fr<\/a><\/p>\n<p>[\/et_pb_text][dsm_button button_one_text=&#8221;R\u00e9glement int\u00e9rieur&#8221; button_one_url=&#8221;https:\/\/time2shine.fr\/reglement-interieur\/&#8221; button_two_text=&#8221;Charte Engagement Handicap&#8221; button_two_url=&#8221;http:\/\/time2shine.fr\/wp-content\/uploads\/2024\/06\/Charte-Engagement-Handicap.pdf&#8221; _builder_version=&#8221;4.25.2&#8243; _module_preset=&#8221;5c301267-230d-44b5-961a-5d5bbca2c9cf&#8221; global_colors_info=&#8221;{}&#8221;][\/dsm_button][\/et_pb_column][\/et_pb_row][et_pb_row use_custom_gutter=&#8221;on&#8221; gutter_width=&#8221;2&#8243; make_equal=&#8221;on&#8221; _builder_version=&#8221;4.24.2&#8243; _module_preset=&#8221;default&#8221; custom_margin=&#8221;96px|auto|9px|auto|false|false&#8221; global_colors_info=&#8221;{}&#8221;][et_pb_column type=&#8221;4_4&#8243; _builder_version=&#8221;4.22.1&#8243; _module_preset=&#8221;08b133e7-aa4d-4914-9b69-f29aedb65947&#8243; global_colors_info=&#8221;{}&#8221;][et_pb_text _builder_version=&#8221;4.25.1&#8243; _module_preset=&#8221;default&#8221; custom_margin=&#8221;0px||0px||false|false&#8221; global_colors_info=&#8221;{}&#8221;]<\/p>\n<h3>Pour d\u00e9couvrir tous les t\u00e9moignages <\/p>\n<h3> [\/et_pb_text][dsm_button button_one_text=&#8221;Avis Google&#8221; button_one_url=&#8221;https:\/\/g.co\/kgs\/4jtGVn&#8221; button_two_text=&#8221;Avis LinkedIn&#8221; button_two_url=&#8221;https:\/\/www.linkedin.com\/in\/christinesauvage\/&#8221; _builder_version=&#8221;4.25.1&#8243; _module_preset=&#8221;5c301267-230d-44b5-961a-5d5bbca2c9cf&#8221; global_colors_info=&#8221;{}&#8221;][\/dsm_button][\/et_pb_column][\/et_pb_row][\/et_pb_section][et_pb_section fb_built=&#8221;1&#8243; admin_label=&#8221;Section&#8221; _builder_version=&#8221;4.25.1&#8243; _module_preset=&#8221;default&#8221; background_color=&#8221;#f0f1f4&#8243; custom_margin=&#8221;||5px|||&#8221; custom_padding=&#8221;94px||94px||true|false&#8221; global_colors_info=&#8221;{}&#8221;][et_pb_row column_structure=&#8221;1_5,1_5,1_5,1_5,1_5&#8243; _builder_version=&#8221;4.25.1&#8243; _module_preset=&#8221;default&#8221; background_color=&#8221;#FFFFFF&#8221; min_height=&#8221;161.8px&#8221; custom_margin=&#8221;-53px|auto|-53px|auto|true|false&#8221; global_colors_info=&#8221;{}&#8221;][et_pb_column type=&#8221;1_5&#8243; _builder_version=&#8221;4.25.1&#8243; _module_preset=&#8221;default&#8221; global_colors_info=&#8221;{}&#8221;][et_pb_text _builder_version=&#8221;4.22.1&#8243; _module_preset=&#8221;default&#8221; custom_margin=&#8221;-38px||0px||false|false&#8221; custom_margin_tablet=&#8221;-24px||0px||false|false&#8221; custom_margin_phone=&#8221;-24px||0px||false|false&#8221; custom_margin_last_edited=&#8221;on|tablet&#8221; global_colors_info=&#8221;{}&#8221;][\/et_pb_text][\/et_pb_column][et_pb_column type=&#8221;1_5&#8243; _builder_version=&#8221;4.25.1&#8243; _module_preset=&#8221;default&#8221; global_colors_info=&#8221;{}&#8221;][et_pb_number_counter title=&#8221;%&#8221; number=&#8221;100&#8243; percent_sign=&#8221;off&#8221; _builder_version=&#8221;4.27.0&#8243; _module_preset=&#8221;default&#8221; global_colors_info=&#8221;{}&#8221;][\/et_pb_number_counter][et_pb_text _builder_version=&#8221;4.25.1&#8243; _module_preset=&#8221;default&#8221; custom_margin=&#8221;-38px||0px||false|false&#8221; custom_margin_tablet=&#8221;-24px||0px||false|false&#8221; custom_margin_phone=&#8221;-24px||0px||false|false&#8221; custom_margin_last_edited=&#8221;on|tablet&#8221; global_colors_info=&#8221;{}&#8221;]<\/p>\n<p>Taux de Satisfaction<\/p>\n<p>[\/et_pb_text][\/et_pb_column][et_pb_column type=&#8221;1_5&#8243; _builder_version=&#8221;4.22.1&#8243; _module_preset=&#8221;_initial&#8221; custom_padding=&#8221;0px|32px|0px|0px|true|false&#8221; custom_css_after=&#8221;content: &#8221;;||position: absolute;||width: 3px;||height:100%;||right:0px;||background-color: var(&#8211;colors-secondary-050);&#8221; global_colors_info=&#8221;{}&#8221; custom_css_after_last_edited=&#8221;on|tablet&#8221; custom_css_after_tablet=&#8221;content: &#8221;;||position: absolute;||width: 100%;||height:3px;||bottom:-8px;||right:0px;||background-color: var(&#8211;colors-secondary-050);&#8221; custom_css_after_phone=&#8221;content: &#8221;;||position: absolute;||width: 100%;||height:3px;||bottom:-8px;||right:0px;||background-color: var(&#8211;colors-secondary-050);&#8221;][et_pb_number_counter title=&#8221;%&#8221; number=&#8221;100&#8243; percent_sign=&#8221;off&#8221; _builder_version=&#8221;4.27.0&#8243; _module_preset=&#8221;default&#8221; global_colors_info=&#8221;{}&#8221;][\/et_pb_number_counter][et_pb_text _builder_version=&#8221;4.25.1&#8243; _module_preset=&#8221;default&#8221; custom_margin=&#8221;-38px||0px||false|false&#8221; custom_margin_tablet=&#8221;-24px||0px||false|false&#8221; custom_margin_phone=&#8221;-24px||0px||false|false&#8221; custom_margin_last_edited=&#8221;on|tablet&#8221; global_colors_info=&#8221;{}&#8221;]<\/p>\n<p>Taux de Maintien<\/p>\n<p>[\/et_pb_text][et_pb_text _builder_version=&#8221;4.25.1&#8243; _module_preset=&#8221;default&#8221; custom_margin=&#8221;-38px||0px||false|false&#8221; custom_margin_tablet=&#8221;-24px||0px||false|false&#8221; custom_margin_phone=&#8221;-24px||0px||false|false&#8221; custom_margin_last_edited=&#8221;on|tablet&#8221; global_colors_info=&#8221;{}&#8221;][\/et_pb_text][et_pb_text _builder_version=&#8221;4.22.1&#8243; _module_preset=&#8221;default&#8221; global_colors_info=&#8221;{}&#8221;][\/et_pb_text][et_pb_text _builder_version=&#8221;4.25.1&#8243; _module_preset=&#8221;default&#8221; min_height=&#8221;7.2px&#8221; custom_margin=&#8221;0px||-48px||false|false&#8221; custom_margin_tablet=&#8221;0px||-24px||false|false&#8221; custom_margin_phone=&#8221;0px||-24px||false|false&#8221; custom_margin_last_edited=&#8221;on|tablet&#8221; custom_padding=&#8221;0px||0px|0px|true|false&#8221; global_colors_info=&#8221;{}&#8221;][\/et_pb_text][\/et_pb_column][et_pb_column type=&#8221;1_5&#8243; _builder_version=&#8221;4.25.1&#8243; _module_preset=&#8221;default&#8221; global_colors_info=&#8221;{}&#8221;][et_pb_number_counter title=&#8221; &#8221; number=&#8221;3&#8243; percent_sign=&#8221;off&#8221; _builder_version=&#8221;4.27.4&#8243; _module_preset=&#8221;default&#8221; hover_enabled=&#8221;0&#8243; global_colors_info=&#8221;{}&#8221; sticky_enabled=&#8221;0&#8243;][\/et_pb_number_counter][et_pb_text _builder_version=&#8221;4.25.1&#8243; _module_preset=&#8221;default&#8221; custom_margin=&#8221;-38px||0px||false|false&#8221; custom_margin_tablet=&#8221;-24px||0px||false|false&#8221; custom_margin_phone=&#8221;-24px||0px||false|false&#8221; custom_margin_last_edited=&#8221;on|tablet&#8221; locked=&#8221;off&#8221; global_colors_info=&#8221;{}&#8221;][\/et_pb_text][et_pb_text _builder_version=&#8221;4.27.0&#8243; _module_preset=&#8221;default&#8221; custom_margin=&#8221;-38px||0px||false|false&#8221; custom_margin_tablet=&#8221;-24px||0px||false|false&#8221; custom_margin_phone=&#8221;-24px||0px||false|false&#8221; custom_margin_last_edited=&#8221;on|tablet&#8221; locked=&#8221;off&#8221; global_colors_info=&#8221;{}&#8221;]<\/p>\n<p>Formations r\u00e9alis\u00e9es<\/p>\n<p>[\/et_pb_text][\/et_pb_column][et_pb_column type=&#8221;1_5&#8243; _builder_version=&#8221;4.22.1&#8243; _module_preset=&#8221;_initial&#8221; custom_padding=&#8221;0px|32px|0px|0px|true|false&#8221; custom_css_after=&#8221;content: &#8221;;||position: absolute;||width: 3px;||height:100%;||right:0px;||background-color: var(&#8211;colors-secondary-050);&#8221; global_colors_info=&#8221;{}&#8221; custom_css_after_last_edited=&#8221;on|tablet&#8221; custom_css_after_tablet=&#8221;content: &#8221;;||position: absolute;||width: 100%;||height:3px;||bottom:-8px;||right:0px;||background-color: var(&#8211;colors-secondary-050);&#8221; custom_css_after_phone=&#8221;content: &#8221;;||position: absolute;||width: 100%;||height:3px;||bottom:-8px;||right:0px;||background-color: var(&#8211;colors-secondary-050);&#8221;][\/et_pb_column][\/et_pb_row][et_pb_row use_custom_gutter=&#8221;on&#8221; gutter_width=&#8221;2&#8243; make_equal=&#8221;on&#8221; _builder_version=&#8221;4.24.2&#8243; _module_preset=&#8221;default&#8221; custom_margin=&#8221;93px|auto|0px|auto|false|false&#8221; global_colors_info=&#8221;{}&#8221;][et_pb_column type=&#8221;4_4&#8243; _builder_version=&#8221;4.22.1&#8243; _module_preset=&#8221;08b133e7-aa4d-4914-9b69-f29aedb65947&#8243; global_colors_info=&#8221;{}&#8221;][et_pb_text _builder_version=&#8221;4.27.4&#8243; _module_preset=&#8221;default&#8221; custom_margin=&#8221;0px||0px||false|false&#8221; hover_enabled=&#8221;0&#8243; global_colors_info=&#8221;{}&#8221; sticky_enabled=&#8221;0&#8243;]<\/p>\n<p style=\"text-align: center;\">MAJ le 10 Janvier 2026<\/p>\n<p>[\/et_pb_text][\/et_pb_column][\/et_pb_row][\/et_pb_section]<\/p>\n","protected":false},"excerpt":{"rendered":"<p>Formations et Bilans de Comp\u00e9tences<\/p>\n","protected":false},"author":1,"featured_media":0,"parent":0,"menu_order":0,"comment_status":"closed","ping_status":"closed","template":"","meta":{"_et_pb_use_builder":"on","_et_pb_old_content":"","_et_gb_content_width":"","footnotes":""},"class_list":["post-1106","page","type-page","status-publish","hentry"],"_links":{"self":[{"href":"https:\/\/time2shine.fr\/en\/wp-json\/wp\/v2\/pages\/1106","targetHints":{"allow":["GET"]}}],"collection":[{"href":"https:\/\/time2shine.fr\/en\/wp-json\/wp\/v2\/pages"}],"about":[{"href":"https:\/\/time2shine.fr\/en\/wp-json\/wp\/v2\/types\/page"}],"author":[{"embeddable":true,"href":"https:\/\/time2shine.fr\/en\/wp-json\/wp\/v2\/users\/1"}],"replies":[{"embeddable":true,"href":"https:\/\/time2shine.fr\/en\/wp-json\/wp\/v2\/comments?post=1106"}],"version-history":[{"count":100,"href":"https:\/\/time2shine.fr\/en\/wp-json\/wp\/v2\/pages\/1106\/revisions"}],"predecessor-version":[{"id":1823,"href":"https:\/\/time2shine.fr\/en\/wp-json\/wp\/v2\/pages\/1106\/revisions\/1823"}],"wp:attachment":[{"href":"https:\/\/time2shine.fr\/en\/wp-json\/wp\/v2\/media?parent=1106"}],"curies":[{"name":"wp","href":"https:\/\/api.w.org\/{rel}","templated":true}]}}