{"id":1153,"date":"2024-05-16T15:22:26","date_gmt":"2024-05-16T15:22:26","guid":{"rendered":"https:\/\/time2shine.fr\/?page_id=1153"},"modified":"2024-06-16T12:57:54","modified_gmt":"2024-06-16T12:57:54","slug":"formation-mieux-travailler-ensemble","status":"publish","type":"page","link":"https:\/\/time2shine.fr\/en\/formation-mieux-travailler-ensemble\/","title":{"rendered":"Formation DISC - Mieux Se Comprendre pour Mieux Travailler ensemble"},"content":{"rendered":"<p>[et_pb_section fb_built=&#8221;1&#8243; _builder_version=&#8221;4.22.1&#8243; _module_preset=&#8221;410f74cb-702f-45ce-87f5-3b7d4d8b9156&#8243; custom_padding=&#8221;128px||100px||false|false&#8221; global_colors_info=&#8221;{}&#8221;][et_pb_row column_structure=&#8221;1_2,1_2&#8243; _builder_version=&#8221;4.22.1&#8243; _module_preset=&#8221;default&#8221; global_colors_info=&#8221;{}&#8221;][et_pb_column type=&#8221;1_2&#8243; _builder_version=&#8221;4.22.1&#8243; _module_preset=&#8221;default&#8221; global_colors_info=&#8221;{}&#8221;][lwp_divi_breadcrumbs home_text=&#8221;Accueil&#8221; font_icon=&#8221;&#x35;||divi||400&#8243; _builder_version=&#8221;4.22.1&#8243; _module_preset=&#8221;default&#8221; global_colors_info=&#8221;{}&#8221;][\/lwp_divi_breadcrumbs][et_pb_text _builder_version=&#8221;4.22.2&#8243; _module_preset=&#8221;default&#8221; custom_margin=&#8221;-48px||0px||false|false&#8221; global_colors_info=&#8221;{}&#8221;]<\/p>\n<h1>Formation Mieux se comprendre pour Mieux Travailler Ensemble<\/h1>\n<h1>avec le DISC<\/h1>\n<p>[\/et_pb_text][et_pb_text _builder_version=&#8221;4.25.2&#8243; _module_preset=&#8221;9e3829af-4b6a-469d-8a0c-173f73e58fb4&#8243; global_colors_info=&#8221;{}&#8221;]<\/p>\n<p>Accompagner les managers et les collaborateurs \u00e0 mieux comprendre leur style de comportement et de communication et celui des autres, \u00e0 de\u0301velopper leurs compe\u0301tences en communication interpersonnelle et savoir les mettre en \u0153uvre dans le cadre d\u2019une dynamique d\u2019e\u0301quipe.<\/p>\n<p>[\/et_pb_text][et_pb_button button_url=&#8221;http:\/\/time2shine.fr\/wp-content\/uploads\/2024\/06\/Programme-Formation-DISC-Time2Shine-1J.pdf&#8221; url_new_window=&#8221;on&#8221; button_text=&#8221;Programme&#8221; _builder_version=&#8221;4.25.2&#8243; _module_preset=&#8221;default&#8221; global_colors_info=&#8221;{}&#8221;][\/et_pb_button][\/et_pb_column][et_pb_column type=&#8221;1_2&#8243; _builder_version=&#8221;4.22.1&#8243; _module_preset=&#8221;default&#8221; global_colors_info=&#8221;{}&#8221;][et_pb_image src=&#8221;http:\/\/time2shine.fr\/wp-content\/uploads\/2023\/10\/Meeting.png&#8221; alt=&#8221;Illustration repr\u00e9sentant une r\u00e9union&#8221; title_text=&#8221;Meeting&#8221; align=&#8221;right&#8221; _builder_version=&#8221;4.24.2&#8243; _module_preset=&#8221;default&#8221; global_colors_info=&#8221;{}&#8221;][\/et_pb_image][\/et_pb_column][\/et_pb_row][\/et_pb_section][et_pb_section fb_built=&#8221;1&#8243; use_custom_gutter=&#8221;on&#8221; gutter_width=&#8221;2&#8243; specialty=&#8221;on&#8221; module_class_1=&#8221;flex flex-column gap-32&#8243; module_class_2=&#8221;flex flex-column gap-32 padding-side-32&#8243; custom_css_main_1=&#8221;display: grid;||gap: 32;||&#8221; _builder_version=&#8221;4.24.2&#8243; _module_preset=&#8221;default&#8221; background_color=&#8221;gcid-4cd902c2-4841-4965-bcaf-4a8ede2da60d&#8221; global_colors_info=&#8221;{%22gcid-4cd902c2-4841-4965-bcaf-4a8ede2da60d%22:%91%22background_color%22%93}&#8221;][et_pb_column type=&#8221;1_3&#8243; _builder_version=&#8221;4.16&#8243; custom_padding=&#8221;|||&#8221; global_colors_info=&#8221;{}&#8221; custom_padding__hover=&#8221;|||&#8221;][\/et_pb_column][et_pb_column type=&#8221;2_3&#8243; specialty_columns=&#8221;2&#8243; _builder_version=&#8221;4.16&#8243; custom_padding=&#8221;|||&#8221; global_colors_info=&#8221;{}&#8221; custom_padding__hover=&#8221;|||&#8221;][et_pb_row_inner _builder_version=&#8221;4.24.2&#8243; _module_preset=&#8221;default&#8221; global_colors_info=&#8221;{}&#8221;][et_pb_column_inner saved_specialty_column_type=&#8221;2_3&#8243; _builder_version=&#8221;4.22.1&#8243; _module_preset=&#8221;default&#8221; global_colors_info=&#8221;{}&#8221;][et_pb_text _builder_version=&#8221;4.25.1&#8243; _module_preset=&#8221;default&#8221; global_colors_info=&#8221;{}&#8221;]<\/p>\n<p><strong><span style=\"color: #e67a00;\">Caract\u00e9ristiques du Programme :<\/span><\/strong><\/p>\n<p>[\/et_pb_text][\/et_pb_column_inner][\/et_pb_row_inner][et_pb_row_inner column_structure=&#8221;1_3,1_3,1_3&#8243; use_custom_gutter=&#8221;on&#8221; gutter_width=&#8221;2&#8243; make_equal=&#8221;on&#8221; _builder_version=&#8221;4.22.1&#8243; _module_preset=&#8221;default&#8221; global_colors_info=&#8221;{}&#8221;][et_pb_column_inner type=&#8221;1_3&#8243; _builder_version=&#8221;4.22.1&#8243; _module_preset=&#8221;08b133e7-aa4d-4914-9b69-f29aedb65947&#8243; global_colors_info=&#8221;{}&#8221;][et_pb_text _builder_version=&#8221;4.25.1&#8243; _module_preset=&#8221;default&#8221; global_colors_info=&#8221;{}&#8221;]<\/p>\n<div class=\"grid row gap-16\">\n<div><img decoding=\"async\" src=\"http:\/\/time2shine.fr\/wp-content\/uploads\/2023\/10\/calendar.png\" alt=\"Ic\u00f4ne repr\u00e9sentant un calendrier\" class=\"fit-content\" \/><\/div>\n<h4>Dur\u00e9e<\/h4>\n<\/div>\n<p>[\/et_pb_text][et_pb_text _builder_version=&#8221;4.22.1&#8243; _module_preset=&#8221;default&#8221; global_colors_info=&#8221;{}&#8221;]<\/p>\n<p>7 Heures<\/p>\n<p>[\/et_pb_text][\/et_pb_column_inner][et_pb_column_inner type=&#8221;1_3&#8243; _builder_version=&#8221;4.22.1&#8243; _module_preset=&#8221;08b133e7-aa4d-4914-9b69-f29aedb65947&#8243; global_colors_info=&#8221;{}&#8221;][et_pb_text _builder_version=&#8221;4.24.2&#8243; _module_preset=&#8221;default&#8221; global_colors_info=&#8221;{}&#8221;]<\/p>\n<div class=\"grid row gap-16\">\n<div><span style=\"color: #ff6600;\"><span style=\"color: #ff6600;\"><span style=\"color: #ff6600;\"><img decoding=\"async\" src=\"http:\/\/time2shine.fr\/wp-content\/uploads\/2023\/10\/target.png\" alt=\"Ic\u00f4ne repr\u00e9sentant une cible, un objectif\" class=\"fit-content\" \/>\u00a0 \u00a0<\/span><\/span><\/span><\/div>\n<h4>Tarif<\/h4>\n<\/div>\n<p>[\/et_pb_text][et_pb_text _builder_version=&#8221;4.25.1&#8243; _module_preset=&#8221;default&#8221; global_colors_info=&#8221;{}&#8221;]<\/p>\n<p>1 000\u20ac par stagiaire<\/p>\n<p>[\/et_pb_text][\/et_pb_column_inner][et_pb_column_inner type=&#8221;1_3&#8243; _builder_version=&#8221;4.22.1&#8243; _module_preset=&#8221;08b133e7-aa4d-4914-9b69-f29aedb65947&#8243; global_colors_info=&#8221;{}&#8221;][et_pb_text _builder_version=&#8221;4.24.2&#8243; _module_preset=&#8221;default&#8221; global_colors_info=&#8221;{}&#8221;]<\/p>\n<div class=\"grid row gap-16\">\n<div><img decoding=\"async\" src=\"http:\/\/time2shine.fr\/wp-content\/uploads\/2023\/10\/user-check.png\" alt=\"Ic\u00f4ne repr\u00e9sentant une personne approuvant uen d\u00e9cision\" class=\"fit-content\" \/><\/div>\n<h4>Stagiaire<\/h4>\n<\/div>\n<p>[\/et_pb_text][et_pb_text _builder_version=&#8221;4.22.1&#8243; _module_preset=&#8221;default&#8221; global_colors_info=&#8221;{}&#8221;]<\/p>\n<p>Tarif valable pour une session de 1 \u00e0 5 stagiaires<\/p>\n<p>[\/et_pb_text][\/et_pb_column_inner][\/et_pb_row_inner][et_pb_row_inner column_structure=&#8221;1_3,1_3,1_3&#8243; use_custom_gutter=&#8221;on&#8221; gutter_width=&#8221;2&#8243; make_equal=&#8221;on&#8221; _builder_version=&#8221;4.22.1&#8243; _module_preset=&#8221;default&#8221; global_colors_info=&#8221;{}&#8221;][et_pb_column_inner type=&#8221;1_3&#8243; _builder_version=&#8221;4.22.1&#8243; _module_preset=&#8221;08b133e7-aa4d-4914-9b69-f29aedb65947&#8243; global_colors_info=&#8221;{}&#8221;][et_pb_text _builder_version=&#8221;4.24.2&#8243; _module_preset=&#8221;default&#8221; global_colors_info=&#8221;{}&#8221;]<\/p>\n<div class=\"grid row gap-16\">\n<div><img decoding=\"async\" src=\"http:\/\/time2shine.fr\/wp-content\/uploads\/2023\/10\/star.png\" alt=\"Ic\u00f4ne repr\u00e9sentant une \u00e9toile\" class=\"fit-content\" \/><\/div>\n<h4>Programme<\/h4>\n<\/div>\n<p>[\/et_pb_text][et_pb_text _builder_version=&#8221;4.25.2&#8243; _module_preset=&#8221;default&#8221; hover_enabled=&#8221;0&#8243; global_colors_info=&#8221;{}&#8221; sticky_enabled=&#8221;0&#8243;]<\/p>\n<p>Adaptable \u00e0 la demande et sans surco\u00fbt<\/p>\n<p>Pas de pr\u00e9-requis n\u00e9cessaires<\/p>\n<p>[\/et_pb_text][\/et_pb_column_inner][et_pb_column_inner type=&#8221;1_3&#8243; _builder_version=&#8221;4.22.1&#8243; _module_preset=&#8221;08b133e7-aa4d-4914-9b69-f29aedb65947&#8243; global_colors_info=&#8221;{}&#8221;][et_pb_text _builder_version=&#8221;4.22.2&#8243; _module_preset=&#8221;default&#8221; global_colors_info=&#8221;{}&#8221;]<\/p>\n<div class=\"grid row gap-16\">\n<div><img decoding=\"async\" src=\"http:\/\/time2shine.fr\/wp-content\/uploads\/2023\/10\/trending-up.png\" alt=\"Ic\u00f4ne repr\u00e9sentant la croissance avec une fl\u00e8che montante\" class=\"fit-content\" \/><\/div>\n<h4>Financement<\/h4>\n<\/div>\n<p>[\/et_pb_text][et_pb_text _builder_version=&#8221;4.22.1&#8243; _module_preset=&#8221;default&#8221; global_colors_info=&#8221;{}&#8221;]<\/p>\n<p>OPCO pour les Entreprise: Oui<\/p>\n<p>CPF: Non<\/p>\n<p>&nbsp;<\/p>\n<p>[\/et_pb_text][\/et_pb_column_inner][et_pb_column_inner type=&#8221;1_3&#8243; _builder_version=&#8221;4.22.1&#8243; _module_preset=&#8221;08b133e7-aa4d-4914-9b69-f29aedb65947&#8243; global_colors_info=&#8221;{}&#8221;][et_pb_text _builder_version=&#8221;4.22.2&#8243; _module_preset=&#8221;default&#8221; global_colors_info=&#8221;{}&#8221;]<\/p>\n<div class=\"grid row gap-16\">\n<div><img decoding=\"async\" src=\"http:\/\/time2shine.fr\/wp-content\/uploads\/2023\/10\/target.png\" alt=\"Ic\u00f4ne repr\u00e9sentant une cible, un objectif\" class=\"fit-content\" \/>\u00a0<\/div>\n<h4>Lieu<\/h4>\n<\/div>\n<p>[\/et_pb_text][et_pb_text _builder_version=&#8221;4.22.1&#8243; _module_preset=&#8221;default&#8221; global_colors_info=&#8221;{}&#8221;]<\/p>\n<p>Dans la ville de votre choix en Ile de France ou dans vos locaux.<\/p>\n<p>[\/et_pb_text][\/et_pb_column_inner][\/et_pb_row_inner][et_pb_row_inner column_structure=&#8221;1_3,1_3,1_3&#8243; use_custom_gutter=&#8221;on&#8221; gutter_width=&#8221;2&#8243; make_equal=&#8221;on&#8221; _builder_version=&#8221;4.22.1&#8243; _module_preset=&#8221;default&#8221; global_colors_info=&#8221;{}&#8221;][et_pb_column_inner type=&#8221;1_3&#8243; _builder_version=&#8221;4.22.1&#8243; _module_preset=&#8221;08b133e7-aa4d-4914-9b69-f29aedb65947&#8243; global_colors_info=&#8221;{}&#8221;][et_pb_text _builder_version=&#8221;4.24.2&#8243; _module_preset=&#8221;default&#8221; global_colors_info=&#8221;{}&#8221;]<\/p>\n<div class=\"grid row gap-16\">\n<div><img decoding=\"async\" src=\"http:\/\/time2shine.fr\/wp-content\/uploads\/2023\/10\/calendar.png\" alt=\"Ic\u00f4ne repr\u00e9sentant un calendrier\" class=\"fit-content\" \/><\/div>\n<h4>Date<\/h4>\n<\/div>\n<p>[\/et_pb_text][et_pb_text _builder_version=&#8221;4.22.1&#8243; _module_preset=&#8221;default&#8221; global_colors_info=&#8221;{}&#8221;]<\/p>\n<p>Dates sur mesure sans surco\u00fbt.<\/p>\n<p>Session accessible sous 15 jours en inter-entreprise et 1 mois en intra-entreprise.<\/p>\n<p>[\/et_pb_text][\/et_pb_column_inner][et_pb_column_inner type=&#8221;1_3&#8243; _builder_version=&#8221;4.22.1&#8243; _module_preset=&#8221;08b133e7-aa4d-4914-9b69-f29aedb65947&#8243; global_colors_info=&#8221;{}&#8221;][et_pb_text _builder_version=&#8221;4.22.2&#8243; _module_preset=&#8221;default&#8221; global_colors_info=&#8221;{}&#8221;]<\/p>\n<div class=\"grid row gap-16\">\n<div><img decoding=\"async\" src=\"http:\/\/time2shine.fr\/wp-content\/uploads\/2023\/10\/users.png\" alt=\"Ic\u00f4ne repr\u00e9sentant deux personnes\" class=\"fit-content\" \/><\/div>\n<h4>Modalit\u00e9<\/h4>\n<\/div>\n<p>[\/et_pb_text][et_pb_text _builder_version=&#8221;4.24.2&#8243; _module_preset=&#8221;default&#8221; global_colors_info=&#8221;{}&#8221;]<\/p>\n<p>Pr\u00e9sentiel ou Distanciel<\/p>\n<p>[\/et_pb_text][\/et_pb_column_inner][et_pb_column_inner type=&#8221;1_3&#8243; _builder_version=&#8221;4.22.1&#8243; _module_preset=&#8221;08b133e7-aa4d-4914-9b69-f29aedb65947&#8243; global_colors_info=&#8221;{}&#8221;][et_pb_text _builder_version=&#8221;4.24.2&#8243; _module_preset=&#8221;default&#8221; custom_padding=&#8221;1px||1px||true|false&#8221; global_colors_info=&#8221;{}&#8221;]<\/p>\n<div class=\"grid row gap-16\">\n<div><img decoding=\"async\" src=\"http:\/\/time2shine.fr\/wp-content\/uploads\/2023\/10\/user-check.png\" alt=\"Ic\u00f4ne repr\u00e9sentant une personne approuvant uen d\u00e9cision\" \/><\/div>\n<h4>Acc\u00e8s<\/h4>\n<\/div>\n<p>[\/et_pb_text][et_pb_text _builder_version=&#8221;4.24.2&#8243; _module_preset=&#8221;default&#8221; global_colors_info=&#8221;{}&#8221;]<\/p>\n<p>Accessible \u00e0 toutes les personnes en situation de handicap.<\/p>\n<p>Locaux adapt\u00e9s.<\/p>\n<p>[\/et_pb_text][\/et_pb_column_inner][\/et_pb_row_inner][\/et_pb_column][\/et_pb_section]<\/p>\n","protected":false},"excerpt":{"rendered":"<p>Formation DISC Mieux se comprendre pour Mieux Travailler Ensemble<\/p>\n","protected":false},"author":1,"featured_media":0,"parent":0,"menu_order":0,"comment_status":"closed","ping_status":"closed","template":"","meta":{"_et_pb_use_builder":"on","_et_pb_old_content":"[et_pb_section fb_built=\"1\" _builder_version=\"4.22.1\" _module_preset=\"410f74cb-702f-45ce-87f5-3b7d4d8b9156\" global_colors_info=\"{}\"][et_pb_row column_structure=\"1_2,1_2\" _builder_version=\"4.22.1\" _module_preset=\"default\" global_colors_info=\"{}\"][et_pb_column type=\"1_2\" _builder_version=\"4.22.1\" _module_preset=\"default\" global_colors_info=\"{}\"][lwp_divi_breadcrumbs home_text=\"Accueil\" font_icon=\"&#x35;||divi||400\" _builder_version=\"4.22.1\" _module_preset=\"default\" global_colors_info=\"{}\"][\/lwp_divi_breadcrumbs][et_pb_text _builder_version=\"4.22.2\" _module_preset=\"default\" custom_margin=\"-48px||0px||false|false\" global_colors_info=\"{}\"]<h1>Formation Mieux se comprendre pour Mieux Travailler Ensemble<\/h1>\n<h1>avec le DISC<\/h1>[\/et_pb_text][et_pb_text _builder_version=\"4.24.2\" _module_preset=\"9e3829af-4b6a-469d-8a0c-173f73e58fb4\" global_colors_info=\"{}\"]<p>Accompagner les managers et les collaborateurs \u00e0 surmonter la pression, leurs d\u00e9fis pour d\u00e9velopper leurs potentiels et atteindre leurs objectifs.<\/p>[\/et_pb_text][et_pb_button url_new_window=\"on\" button_text=\"Programme\" _builder_version=\"4.25.1\" _module_preset=\"default\" hover_enabled=\"0\" global_colors_info=\"{}\" sticky_enabled=\"0\"][\/et_pb_button][\/et_pb_column][et_pb_column type=\"1_2\" _builder_version=\"4.22.1\" _module_preset=\"default\" global_colors_info=\"{}\"][et_pb_image src=\"http:\/\/time2shine.fr\/wp-content\/uploads\/2023\/10\/Meeting.png\" alt=\"Illustration repr\u00e9sentant une r\u00e9union\" title_text=\"Meeting\" align=\"right\" _builder_version=\"4.24.2\" _module_preset=\"default\" global_colors_info=\"{}\"][\/et_pb_image][\/et_pb_column][\/et_pb_row][\/et_pb_section][et_pb_section fb_built=\"1\" use_custom_gutter=\"on\" gutter_width=\"2\" specialty=\"on\" module_class_1=\"flex flex-column gap-32\" module_class_2=\"flex flex-column gap-32 padding-side-32\" custom_css_main_1=\"display: grid;||gap: 32;||\" _builder_version=\"4.24.2\" _module_preset=\"default\" background_color=\"gcid-4cd902c2-4841-4965-bcaf-4a8ede2da60d\" global_colors_info=\"{%22gcid-4cd902c2-4841-4965-bcaf-4a8ede2da60d%22:%91%22background_color%22%93}\"][et_pb_column type=\"1_3\" _builder_version=\"4.16\" custom_padding=\"|||\" global_colors_info=\"{}\" custom_padding__hover=\"|||\"][\/et_pb_column][et_pb_column type=\"2_3\" specialty_columns=\"2\" _builder_version=\"4.16\" custom_padding=\"|||\" global_colors_info=\"{}\" custom_padding__hover=\"|||\"][et_pb_row_inner _builder_version=\"4.24.2\" _module_preset=\"default\" global_colors_info=\"{}\"][et_pb_column_inner saved_specialty_column_type=\"2_3\" _builder_version=\"4.22.1\" _module_preset=\"default\" global_colors_info=\"{}\"][et_pb_text _builder_version=\"4.25.1\" _module_preset=\"default\" hover_enabled=\"0\" global_colors_info=\"{}\" sticky_enabled=\"0\"]<p><strong><span style=\"color: #e67a00;\">Caract\u00e9ristiques du Programme :<\/span><\/strong><\/p>[\/et_pb_text][\/et_pb_column_inner][\/et_pb_row_inner][et_pb_row_inner column_structure=\"1_3,1_3,1_3\" use_custom_gutter=\"on\" gutter_width=\"2\" make_equal=\"on\" _builder_version=\"4.22.1\" _module_preset=\"default\" global_colors_info=\"{}\"][et_pb_column_inner type=\"1_3\" _builder_version=\"4.22.1\" _module_preset=\"08b133e7-aa4d-4914-9b69-f29aedb65947\" global_colors_info=\"{}\"][et_pb_text _builder_version=\"4.25.1\" _module_preset=\"default\" hover_enabled=\"0\" global_colors_info=\"{}\" sticky_enabled=\"0\"]<div class=\"grid row gap-16\">\n<div><img src=\"http:\/\/time2shine.fr\/wp-content\/uploads\/2023\/10\/calendar.png\" alt=\"Ic\u00f4ne repr\u00e9sentant un calendrier\" class=\"fit-content\" \/><\/div>\n<h4>Dur\u00e9e<\/h4>\n<\/div>[\/et_pb_text][et_pb_text _builder_version=\"4.22.1\" _module_preset=\"default\" global_colors_info=\"{}\"]<p>7 Heures<\/p>[\/et_pb_text][\/et_pb_column_inner][et_pb_column_inner type=\"1_3\" _builder_version=\"4.22.1\" _module_preset=\"08b133e7-aa4d-4914-9b69-f29aedb65947\" global_colors_info=\"{}\"][et_pb_text _builder_version=\"4.24.2\" _module_preset=\"default\" global_colors_info=\"{}\"]<div class=\"grid row gap-16\">\n<div><span style=\"color: #ff6600;\"><span style=\"color: #ff6600;\"><span style=\"color: #ff6600;\"><img src=\"http:\/\/time2shine.fr\/wp-content\/uploads\/2023\/10\/target.png\" alt=\"Ic\u00f4ne repr\u00e9sentant une cible, un objectif\" class=\"fit-content\" \/>\u00a0 \u00a0<\/span><\/span><\/span><\/div>\n<h4>Tarif<\/h4>\n<\/div>[\/et_pb_text][et_pb_text _builder_version=\"4.25.1\" _module_preset=\"default\" hover_enabled=\"0\" global_colors_info=\"{}\" sticky_enabled=\"0\"]<p>1 000\u20ac par stagiaire<\/p>[\/et_pb_text][\/et_pb_column_inner][et_pb_column_inner type=\"1_3\" _builder_version=\"4.22.1\" _module_preset=\"08b133e7-aa4d-4914-9b69-f29aedb65947\" global_colors_info=\"{}\"][et_pb_text _builder_version=\"4.24.2\" _module_preset=\"default\" global_colors_info=\"{}\"]<div class=\"grid row gap-16\">\n<div><img src=\"http:\/\/time2shine.fr\/wp-content\/uploads\/2023\/10\/user-check.png\" alt=\"Ic\u00f4ne repr\u00e9sentant une personne approuvant uen d\u00e9cision\" class=\"fit-content\" \/><\/div>\n<h4>Stagiaire<\/h4>\n<\/div>[\/et_pb_text][et_pb_text _builder_version=\"4.22.1\" _module_preset=\"default\" global_colors_info=\"{}\"]<p>Tarif valable pour une session de 1 \u00e0 5 stagiaires<\/p>[\/et_pb_text][\/et_pb_column_inner][\/et_pb_row_inner][et_pb_row_inner column_structure=\"1_3,1_3,1_3\" use_custom_gutter=\"on\" gutter_width=\"2\" make_equal=\"on\" _builder_version=\"4.22.1\" _module_preset=\"default\" global_colors_info=\"{}\"][et_pb_column_inner type=\"1_3\" _builder_version=\"4.22.1\" _module_preset=\"08b133e7-aa4d-4914-9b69-f29aedb65947\" global_colors_info=\"{}\"][et_pb_text _builder_version=\"4.24.2\" _module_preset=\"default\" global_colors_info=\"{}\"]<div class=\"grid row gap-16\">\n<div><img src=\"http:\/\/time2shine.fr\/wp-content\/uploads\/2023\/10\/star.png\" alt=\"Ic\u00f4ne repr\u00e9sentant une \u00e9toile\" class=\"fit-content\" \/><\/div>\n<h4>Programme<\/h4>\n<\/div>[\/et_pb_text][et_pb_text _builder_version=\"4.23\" _module_preset=\"default\" global_colors_info=\"{}\"]<p>Adaptable \u00e0 la demande et sans surco\u00fbt<\/p>[\/et_pb_text][\/et_pb_column_inner][et_pb_column_inner type=\"1_3\" _builder_version=\"4.22.1\" _module_preset=\"08b133e7-aa4d-4914-9b69-f29aedb65947\" global_colors_info=\"{}\"][et_pb_text _builder_version=\"4.22.2\" _module_preset=\"default\" global_colors_info=\"{}\"]<div class=\"grid row gap-16\">\n<div><img src=\"http:\/\/time2shine.fr\/wp-content\/uploads\/2023\/10\/trending-up.png\" alt=\"Ic\u00f4ne repr\u00e9sentant la croissance avec une fl\u00e8che montante\" class=\"fit-content\" \/><\/div>\n<h4>Financement<\/h4>\n<\/div>[\/et_pb_text][et_pb_text _builder_version=\"4.22.1\" _module_preset=\"default\" global_colors_info=\"{}\"]<p>OPCO pour les Entreprise: Oui<\/p>\n<p>CPF: Non<\/p>\n<p>&nbsp;<\/p>[\/et_pb_text][\/et_pb_column_inner][et_pb_column_inner type=\"1_3\" _builder_version=\"4.22.1\" _module_preset=\"08b133e7-aa4d-4914-9b69-f29aedb65947\" global_colors_info=\"{}\"][et_pb_text _builder_version=\"4.22.2\" _module_preset=\"default\" global_colors_info=\"{}\"]<div class=\"grid row gap-16\">\n<div><img src=\"http:\/\/time2shine.fr\/wp-content\/uploads\/2023\/10\/target.png\" alt=\"Ic\u00f4ne repr\u00e9sentant une cible, un objectif\" class=\"fit-content\" \/>\u00a0<\/div>\n<h4>Lieu<\/h4>\n<\/div>[\/et_pb_text][et_pb_text _builder_version=\"4.22.1\" _module_preset=\"default\" global_colors_info=\"{}\"]<p>Dans la ville de votre choix en Ile de France ou dans vos locaux.<\/p>[\/et_pb_text][\/et_pb_column_inner][\/et_pb_row_inner][et_pb_row_inner column_structure=\"1_3,1_3,1_3\" use_custom_gutter=\"on\" gutter_width=\"2\" make_equal=\"on\" _builder_version=\"4.22.1\" _module_preset=\"default\" global_colors_info=\"{}\"][et_pb_column_inner type=\"1_3\" _builder_version=\"4.22.1\" _module_preset=\"08b133e7-aa4d-4914-9b69-f29aedb65947\" global_colors_info=\"{}\"][et_pb_text _builder_version=\"4.24.2\" _module_preset=\"default\" global_colors_info=\"{}\"]<div class=\"grid row gap-16\">\n<div><img src=\"http:\/\/time2shine.fr\/wp-content\/uploads\/2023\/10\/calendar.png\" alt=\"Ic\u00f4ne repr\u00e9sentant un calendrier\" class=\"fit-content\" \/><\/div>\n<h4>Date<\/h4>\n<\/div>[\/et_pb_text][et_pb_text _builder_version=\"4.22.1\" _module_preset=\"default\" global_colors_info=\"{}\"]<p>Dates sur mesure sans surco\u00fbt.<\/p>\n<p>Session accessible sous 15 jours.<\/p>[\/et_pb_text][\/et_pb_column_inner][et_pb_column_inner type=\"1_3\" _builder_version=\"4.22.1\" _module_preset=\"08b133e7-aa4d-4914-9b69-f29aedb65947\" global_colors_info=\"{}\"][et_pb_text _builder_version=\"4.22.2\" _module_preset=\"default\" global_colors_info=\"{}\"]<div class=\"grid row gap-16\">\n<div><img src=\"http:\/\/time2shine.fr\/wp-content\/uploads\/2023\/10\/users.png\" alt=\"Ic\u00f4ne repr\u00e9sentant deux personnes\" class=\"fit-content\" \/><\/div>\n<h4>Modalit\u00e9<\/h4>\n<\/div>[\/et_pb_text][et_pb_text _builder_version=\"4.24.2\" _module_preset=\"default\" global_colors_info=\"{}\"]<p>Pr\u00e9sentiel ou Distanciel<\/p>[\/et_pb_text][\/et_pb_column_inner][et_pb_column_inner type=\"1_3\" _builder_version=\"4.22.1\" _module_preset=\"08b133e7-aa4d-4914-9b69-f29aedb65947\" global_colors_info=\"{}\"][et_pb_text _builder_version=\"4.24.2\" _module_preset=\"default\" custom_padding=\"1px||1px||true|false\" global_colors_info=\"{}\"]<div class=\"grid row gap-16\">\n<div><img src=\"http:\/\/time2shine.fr\/wp-content\/uploads\/2023\/10\/user-check.png\" alt=\"Ic\u00f4ne repr\u00e9sentant une personne approuvant uen d\u00e9cision\" \/><\/div>\n<h4>Acc\u00e8s<\/h4>\n<\/div>[\/et_pb_text][et_pb_text _builder_version=\"4.24.2\" _module_preset=\"default\" global_colors_info=\"{}\"]<p>Accessible \u00e0 toutes les personnes en situation de handicap.<\/p>\n<p>Locaux adapt\u00e9s.<\/p>[\/et_pb_text][\/et_pb_column_inner][\/et_pb_row_inner][\/et_pb_column][\/et_pb_section]","_et_gb_content_width":"","footnotes":""},"class_list":["post-1153","page","type-page","status-publish","hentry"],"_links":{"self":[{"href":"https:\/\/time2shine.fr\/en\/wp-json\/wp\/v2\/pages\/1153","targetHints":{"allow":["GET"]}}],"collection":[{"href":"https:\/\/time2shine.fr\/en\/wp-json\/wp\/v2\/pages"}],"about":[{"href":"https:\/\/time2shine.fr\/en\/wp-json\/wp\/v2\/types\/page"}],"author":[{"embeddable":true,"href":"https:\/\/time2shine.fr\/en\/wp-json\/wp\/v2\/users\/1"}],"replies":[{"embeddable":true,"href":"https:\/\/time2shine.fr\/en\/wp-json\/wp\/v2\/comments?post=1153"}],"version-history":[{"count":46,"href":"https:\/\/time2shine.fr\/en\/wp-json\/wp\/v2\/pages\/1153\/revisions"}],"predecessor-version":[{"id":1489,"href":"https:\/\/time2shine.fr\/en\/wp-json\/wp\/v2\/pages\/1153\/revisions\/1489"}],"wp:attachment":[{"href":"https:\/\/time2shine.fr\/en\/wp-json\/wp\/v2\/media?parent=1153"}],"curies":[{"name":"wp","href":"https:\/\/api.w.org\/{rel}","templated":true}]}}