{"id":195,"date":"2023-10-06T07:35:31","date_gmt":"2023-10-06T07:35:31","guid":{"rendered":"http:\/\/time2shine.fr\/?page_id=195"},"modified":"2025-11-21T10:31:32","modified_gmt":"2025-11-21T10:31:32","slug":"contact","status":"publish","type":"page","link":"https:\/\/time2shine.fr\/en\/contact\/","title":{"rendered":"Contact"},"content":{"rendered":"<p>[et_pb_section fb_built=&#8221;1&#8243; _builder_version=&#8221;4.22.1&#8243; _module_preset=&#8221;410f74cb-702f-45ce-87f5-3b7d4d8b9156&#8243; global_colors_info=&#8221;{}&#8221;][et_pb_row column_structure=&#8221;1_2,1_2&#8243; _builder_version=&#8221;4.22.1&#8243; _module_preset=&#8221;default&#8221; global_colors_info=&#8221;{}&#8221;][et_pb_column type=&#8221;1_2&#8243; _builder_version=&#8221;4.22.1&#8243; _module_preset=&#8221;default&#8221; global_colors_info=&#8221;{}&#8221;][lwp_divi_breadcrumbs home_text=&#8221;Accueil&#8221; font_icon=&#8221;&#x35;||divi||400&#8243; _builder_version=&#8221;4.22.2&#8243; _module_preset=&#8221;default&#8221; global_colors_info=&#8221;{}&#8221;][\/lwp_divi_breadcrumbs][et_pb_text _builder_version=&#8221;4.22.1&#8243; _module_preset=&#8221;default&#8221; custom_margin=&#8221;-48px||0px||false|false&#8221; global_colors_info=&#8221;{}&#8221;]<\/p>\n<h1>Contactez-moi<\/h1>\n<p>[\/et_pb_text][et_pb_text _builder_version=&#8221;4.22.1&#8243; _module_preset=&#8221;default&#8221; global_colors_info=&#8221;{}&#8221;]Que vous cherchiez \u00e0 surmonter des d\u00e9fis, \u00e0 exploiter votre plein potentiel ou \u00e0 explorer de nouvelles opportunit\u00e9s, je suis l\u00e0 pour vous aider, vous soutenir et vous accompagner \u00e0 chaque \u00e9tape de votre chemin.[\/et_pb_text][et_pb_text _builder_version=&#8221;4.27.0&#8243; _module_preset=&#8221;9e3829af-4b6a-469d-8a0c-173f73e58fb4&#8243; text_font_size=&#8221;16px&#8221; global_colors_info=&#8221;{}&#8221;]<\/p>\n<p>Votre succ\u00e8s est ma priorit\u00e9, et je suis impatiente de vous aider \u00e0 le r\u00e9aliser.<\/p>\n<p>[\/et_pb_text][dsm_button button_one_text=&#8221;Prendre rendez-vous&#8221; button_one_url=&#8221;https:\/\/zcal.co\/time2shine\/echange20min&#8221; button_one_url_new_window=&#8221;on&#8221; button_two_text=&#8221;D\u00e9couvrir mes accompagnement&#8221; button_two_url=&#8221;http:\/\/time2shine.fr\/accompagnement\/#accompagnements&#8221; _builder_version=&#8221;4.25.1&#8243; _module_preset=&#8221;default&#8221; global_colors_info=&#8221;{}&#8221;][\/dsm_button][\/et_pb_column][et_pb_column type=&#8221;1_2&#8243; _builder_version=&#8221;4.22.1&#8243; _module_preset=&#8221;default&#8221; global_colors_info=&#8221;{}&#8221;][et_pb_image src=&#8221;http:\/\/time2shine.fr\/wp-content\/uploads\/2023\/10\/Contact.png&#8221; alt=&#8221;Illustration repr\u00e9sentant une femme recevant des messages par diff\u00e9rents canaux&#8221; title_text=&#8221;Contact&#8221; align=&#8221;right&#8221; _builder_version=&#8221;4.22.1&#8243; _module_preset=&#8221;default&#8221; global_colors_info=&#8221;{}&#8221;][\/et_pb_image][\/et_pb_column][\/et_pb_row][\/et_pb_section][et_pb_section fb_built=&#8221;1&#8243; _builder_version=&#8221;4.22.1&#8243; _module_preset=&#8221;default&#8221; custom_padding=&#8221;64px||196px||false|false&#8221; global_colors_info=&#8221;{}&#8221;][et_pb_row column_structure=&#8221;3_5,2_5&#8243; use_custom_gutter=&#8221;on&#8221; gutter_width=&#8221;4&#8243; _builder_version=&#8221;4.22.2&#8243; _module_preset=&#8221;default&#8221; global_colors_info=&#8221;{}&#8221;][et_pb_column type=&#8221;3_5&#8243; _builder_version=&#8221;4.22.1&#8243; _module_preset=&#8221;default&#8221; global_colors_info=&#8221;{}&#8221;][et_pb_text _builder_version=&#8221;4.22.1&#8243; _module_preset=&#8221;default&#8221; global_colors_info=&#8221;{}&#8221;]<\/p>\n<h2>Pour me contacter directement<\/h2>\n<p>[\/et_pb_text][dsm_contact_form_7 cf7_library=&#8221;483&#8243; show_validation=&#8221;on&#8221; _builder_version=&#8221;4.24.1&#8243; _module_preset=&#8221;default&#8221; button_one_text_color=&#8221;gcid-6a3055ad-7dd5-4dc4-9235-9d02306fbbdc&#8221; button_one_icon_color=&#8221;gcid-6a3055ad-7dd5-4dc4-9235-9d02306fbbdc&#8221; global_colors_info=&#8221;{%22gcid-6a3055ad-7dd5-4dc4-9235-9d02306fbbdc%22:%91%22labels_text_color%22,%22input_textarea_select_text_color%22,%22placeholder_text_color%22,%22button_one_icon_color%22,%22button_one_text_color%22%93,%22gcid-4cd902c2-4841-4965-bcaf-4a8ede2da60d%22:%91%22input_background_color%22,%22input_background_color%22,%22input_background_color%22%93,%22gcid-69031a75-4e6f-4ecb-aaa1-54da8d0f9bc5%22:%91%22border_color_all_image%22,%22border_color_all_image%22,%22border_color_all_image%22%93,%22gcid-f9e2e437-7b80-4451-8af6-d5eb15ba7c9c%22:%91%22error_msg_text_color%22,%22error_msg_text_color%22,%22error_msg_text_color%22%93,%22gcid-1c1007f8-e7aa-4896-b937-7da0bb96b107%22:%91%22border_color_bottom_error_validation%22,%22border_color_bottom_error_validation%22,%22border_color_bottom_error_validation%22%93,%22gcid-44f7c1d8-3734-4389-bf58-027f42b2cb2c%22:%91%22border_color_bottom_validation_success%22,%22border_color_bottom_validation_success%22,%22border_color_bottom_validation_success%22%93}&#8221;][\/dsm_contact_form_7][\/et_pb_column][et_pb_column type=&#8221;2_5&#8243; _builder_version=&#8221;4.22.1&#8243; _module_preset=&#8221;default&#8221; global_colors_info=&#8221;{}&#8221;][et_pb_text _builder_version=&#8221;4.22.1&#8243; _module_preset=&#8221;default&#8221; global_colors_info=&#8221;{}&#8221;]<\/p>\n<h3>Mes coordonn\u00e9es<\/h3>\n<p>[\/et_pb_text][et_pb_text _builder_version=&#8221;4.22.1&#8243; _module_preset=&#8221;default&#8221; global_colors_info=&#8221;{}&#8221;]<\/p>\n<div class=\"grid row gap-16\">\n<div><img decoding=\"async\" src=\"http:\/\/time2shine.fr\/wp-content\/uploads\/2023\/10\/phone.png\" alt=\"Ic\u00f4ne repr\u00e9sentant un t\u00e9l\u00e9phone\" class=\"fit-content\" \/><\/div>\n<p><a href=\"telto:+33 6 98 93 07 13\">+33 6 98 93 07 13<\/a><\/p>\n<\/div>\n<p>[\/et_pb_text][et_pb_text _builder_version=&#8221;4.23&#8243; _module_preset=&#8221;default&#8221; global_colors_info=&#8221;{}&#8221;]<\/p>\n<div class=\"grid row gap-16\">\n<div><img decoding=\"async\" src=\"http:\/\/time2shine.fr\/wp-content\/uploads\/2023\/10\/mail.png\" alt=\"Ic\u00f4ne repr\u00e9sentant un message\" class=\"fit-content\" \/><\/div>\n<p><a href=\"mailto:contact@time2shine.fr\">contact@time2shine.fr<\/a><\/p>\n<\/div>\n<p>[\/et_pb_text][et_pb_text _builder_version=&#8221;4.22.1&#8243; _module_preset=&#8221;default&#8221; global_colors_info=&#8221;{}&#8221;]<\/p>\n<div class=\"grid row gap-16\">\n<div><img decoding=\"async\" src=\"http:\/\/time2shine.fr\/wp-content\/uploads\/2023\/10\/linkedin.png\" alt=\"Ic\u00f4ne repr\u00e9sentant linkedin\" class=\"fit-content\" \/><\/div>\n<p><a href=\"https:\/\/www.linkedin.com\/in\/christinesauvage\/\" target=\"_blank\" rel=\"noopener\">Christine Sauvage<\/a><\/p>\n<\/div>\n<p>[\/et_pb_text][et_pb_text _builder_version=&#8221;4.23&#8243; _module_preset=&#8221;default&#8221; global_colors_info=&#8221;{%22gcid-6a3055ad-7dd5-4dc4-9235-9d02306fbbdc%22:%91%22header_3_text_color%22,%22header_3_text_color%22%93,%22gcid-4b0dc334-3771-4a3d-95f3-08f94cbd4ab0%22:%91%22header_text_color%22,%22header_2_text_color%22,%22header_text_color%22,%22header_2_text_color%22%93}&#8221;]<\/p>\n<p>Disponible du lundi au vendredi de 9h00 \u00e0 19h00<\/p>\n<p>[\/et_pb_text][\/et_pb_column][\/et_pb_row][\/et_pb_section]<\/p>\n","protected":false},"excerpt":{"rendered":"<p>Contactez-moi pour un accompagnement professionnel sur mesure. Maximisez votre potentiel et explorez de nouvelles opportunit\u00e9s. <\/p>\n","protected":false},"author":2,"featured_media":198,"parent":0,"menu_order":0,"comment_status":"closed","ping_status":"closed","template":"","meta":{"_et_pb_use_builder":"on","_et_pb_old_content":"","_et_gb_content_width":"","footnotes":""},"class_list":["post-195","page","type-page","status-publish","has-post-thumbnail","hentry"],"_links":{"self":[{"href":"https:\/\/time2shine.fr\/en\/wp-json\/wp\/v2\/pages\/195","targetHints":{"allow":["GET"]}}],"collection":[{"href":"https:\/\/time2shine.fr\/en\/wp-json\/wp\/v2\/pages"}],"about":[{"href":"https:\/\/time2shine.fr\/en\/wp-json\/wp\/v2\/types\/page"}],"author":[{"embeddable":true,"href":"https:\/\/time2shine.fr\/en\/wp-json\/wp\/v2\/users\/2"}],"replies":[{"embeddable":true,"href":"https:\/\/time2shine.fr\/en\/wp-json\/wp\/v2\/comments?post=195"}],"version-history":[{"count":23,"href":"https:\/\/time2shine.fr\/en\/wp-json\/wp\/v2\/pages\/195\/revisions"}],"predecessor-version":[{"id":1796,"href":"https:\/\/time2shine.fr\/en\/wp-json\/wp\/v2\/pages\/195\/revisions\/1796"}],"wp:featuredmedia":[{"embeddable":true,"href":"https:\/\/time2shine.fr\/en\/wp-json\/wp\/v2\/media\/198"}],"wp:attachment":[{"href":"https:\/\/time2shine.fr\/en\/wp-json\/wp\/v2\/media?parent=195"}],"curies":[{"name":"wp","href":"https:\/\/api.w.org\/{rel}","templated":true}]}}