{"id":266,"date":"2023-10-06T15:48:50","date_gmt":"2023-10-06T15:48:50","guid":{"rendered":"http:\/\/time2shine.fr\/?page_id=266"},"modified":"2025-08-19T10:09:29","modified_gmt":"2025-08-19T10:09:29","slug":"ressources","status":"publish","type":"page","link":"https:\/\/time2shine.fr\/en\/ressources\/","title":{"rendered":"Ressources"},"content":{"rendered":"<p>[et_pb_section fb_built=&#8221;1&#8243; _builder_version=&#8221;4.22.1&#8243; _module_preset=&#8221;410f74cb-702f-45ce-87f5-3b7d4d8b9156&#8243; global_colors_info=&#8221;{}&#8221;][et_pb_row column_structure=&#8221;1_2,1_2&#8243; _builder_version=&#8221;4.22.1&#8243; _module_preset=&#8221;default&#8221; global_colors_info=&#8221;{}&#8221;][et_pb_column type=&#8221;1_2&#8243; _builder_version=&#8221;4.22.1&#8243; _module_preset=&#8221;default&#8221; global_colors_info=&#8221;{}&#8221;][lwp_divi_breadcrumbs home_text=&#8221;Accueil&#8221; font_icon=&#8221;&#x35;||divi||400&#8243; _builder_version=&#8221;4.22.1&#8243; _module_preset=&#8221;default&#8221; global_colors_info=&#8221;{}&#8221;][\/lwp_divi_breadcrumbs][et_pb_text _builder_version=&#8221;4.23&#8243; _module_preset=&#8221;default&#8221; custom_margin=&#8221;-48px||0px||false|false&#8221; content_en_gb=&#8221;<\/p>\n<h1>Inspiring Resources<\/h1>\n<p>&#8221; global_colors_info=&#8221;{}&#8221;]<\/p>\n<h1>Ressources inspirantes<\/h1>\n<p>[\/et_pb_text][et_pb_text _builder_version=&#8221;4.23&#8243; _module_preset=&#8221;default&#8221; content_en_gb=&#8221;Explore articles dedicated to onboarding, from employee to manager, as well as tips for gaining perspective, developing skills to work more effectively as a team.&#8221; global_colors_info=&#8221;{}&#8221;]<\/p>\n<p>Explorez les articles d\u00e9di\u00e9s \u00e0 la prise de poste, du collaborateur au manager, ainsi que des conseils pour prendre du recul, d\u00e9velopper vos comp\u00e9tences pour travailler plus efficacement en \u00e9quipe.<\/p>\n<p>[\/et_pb_text][et_pb_text _builder_version=&#8221;4.23&#8243; _module_preset=&#8221;default&#8221; content_en_gb=&#8221;This page brings together articles sorted by theme with inspiring videos and podcasts.&#8221; global_colors_info=&#8221;{}&#8221;]<\/p>\n<p>Cette page regroupe des articles tri\u00e9s par th\u00e9matique et des vid\u00e9os et podcasts inspirants.<\/p>\n<p>[\/et_pb_text][dsm_button button_one_text=&#8221;Prendre rendez-vous&#8221; button_one_url=&#8221;https:\/\/zcal.co\/time2shine\/echange20min&#8221; button_one_url_new_window=&#8221;on&#8221; button_two_text=&#8221;D\u00e9couvrir mes accompagnements&#8221; button_two_url=&#8221;http:\/\/time2shine.fr\/accompagnement\/#accompagnements&#8221; _builder_version=&#8221;4.25.1&#8243; _module_preset=&#8221;default&#8221; button_one_text_en_gb=&#8221;Set up a meeting&#8221; button_two_text_en_gb=&#8221;Discover my services&#8221; global_colors_info=&#8221;{}&#8221;][\/dsm_button][\/et_pb_column][et_pb_column type=&#8221;1_2&#8243; _builder_version=&#8221;4.22.1&#8243; _module_preset=&#8221;default&#8221; global_colors_info=&#8221;{}&#8221;][et_pb_image src=&#8221;http:\/\/time2shine.fr\/wp-content\/uploads\/2023\/10\/Meeting.png&#8221; alt=&#8221;Illustration repr\u00e9sentant une r\u00e9union&#8221; title_text=&#8221;Meeting&#8221; align=&#8221;right&#8221; _builder_version=&#8221;4.22.1&#8243; _module_preset=&#8221;default&#8221; global_colors_info=&#8221;{}&#8221;][\/et_pb_image][\/et_pb_column][\/et_pb_row][\/et_pb_section][et_pb_section fb_built=&#8221;1&#8243; module_class=&#8221;grid gap-128&#8243; _builder_version=&#8221;4.22.1&#8243; _module_preset=&#8221;default&#8221; custom_padding=&#8221;64px||196px||false|false&#8221; global_colors_info=&#8221;{}&#8221;][et_pb_row column_structure=&#8221;1_2,1_2&#8243; _builder_version=&#8221;4.25.1&#8243; _module_preset=&#8221;default&#8221; global_colors_info=&#8221;{}&#8221;][et_pb_column type=&#8221;1_2&#8243; _builder_version=&#8221;4.22.1&#8243; _module_preset=&#8221;default&#8221; global_colors_info=&#8221;{}&#8221;][et_pb_text _builder_version=&#8221;4.23&#8243; _module_preset=&#8221;default&#8221; custom_padding=&#8221;10px||10px||true|false&#8221; content_en_gb=&#8221;<\/p>\n<h2>The lastest articles<\/h2>\n<p>&#8221; global_colors_info=&#8221;{}&#8221;]<\/p>\n<h2>Les webinaires \u00e0 venir<\/h2>\n<p>[\/et_pb_text][et_pb_blog post_type=&#8221;project&#8221; posts_number=&#8221;3&#8243; show_content=&#8221;on&#8221; show_pagination=&#8221;off&#8221; _builder_version=&#8221;4.25.1&#8243; _dynamic_attributes=&#8221;link_option_url&#8221; _module_preset=&#8221;default&#8221; link_option_url=&#8221;@ET-DC@eyJkeW5hbWljIjp0cnVlLCJjb250ZW50IjoicG9zdF9saW5rX3VybF9wYWdlIiwic2V0dGluZ3MiOnsicG9zdF9pZCI6IjEwMzAifX0=@&#8221; global_colors_info=&#8221;{}&#8221;][\/et_pb_blog][\/et_pb_column][et_pb_column type=&#8221;1_2&#8243; _builder_version=&#8221;4.22.1&#8243; _module_preset=&#8221;default&#8221; global_colors_info=&#8221;{}&#8221;][\/et_pb_column][\/et_pb_row][\/et_pb_section][et_pb_section fb_built=&#8221;1&#8243; module_class=&#8221;grid gap-128&#8243; _builder_version=&#8221;4.22.1&#8243; _module_preset=&#8221;default&#8221; custom_padding=&#8221;64px||196px||false|false&#8221; global_colors_info=&#8221;{}&#8221;][et_pb_row _builder_version=&#8221;4.22.1&#8243; _module_preset=&#8221;default&#8221; global_colors_info=&#8221;{}&#8221;][et_pb_column type=&#8221;4_4&#8243; _builder_version=&#8221;4.22.1&#8243; _module_preset=&#8221;default&#8221; global_colors_info=&#8221;{}&#8221;][et_pb_text _builder_version=&#8221;4.23&#8243; _module_preset=&#8221;default&#8221; content_en_gb=&#8221;<\/p>\n<h2>The lastest articles<\/h2>\n<p>&#8221; global_colors_info=&#8221;{}&#8221;]<\/p>\n<h2>Les derniers articles<\/h2>\n<p>[\/et_pb_text][et_pb_blog posts_number=&#8221;3&#8243; use_manual_excerpt=&#8221;off&#8221; show_pagination=&#8221;off&#8221; _builder_version=&#8221;4.23&#8243; _module_preset=&#8221;default&#8221; global_colors_info=&#8221;{}&#8221;][\/et_pb_blog][\/et_pb_column][\/et_pb_row][et_pb_row _builder_version=&#8221;4.22.1&#8243; _module_preset=&#8221;default&#8221; global_colors_info=&#8221;{}&#8221;][et_pb_column type=&#8221;4_4&#8243; _builder_version=&#8221;4.22.1&#8243; _module_preset=&#8221;default&#8221; global_colors_info=&#8221;{}&#8221;][et_pb_text _builder_version=&#8221;4.23&#8243; _module_preset=&#8221;default&#8221; content_en_gb=&#8221;<\/p>\n<h2>All articles<\/h2>\n<p>&#8221; global_colors_info=&#8221;{}&#8221;]<\/p>\n<h2>Tous les articles<\/h2>\n<p>[\/et_pb_text][et_pb_blog posts_number=&#8221;9&#8243; include_categories=&#8221;all&#8221; use_manual_excerpt=&#8221;off&#8221; offset_number=&#8221;1&#8243; _builder_version=&#8221;4.25.1&#8243; _module_preset=&#8221;default&#8221; global_colors_info=&#8221;{}&#8221;][\/et_pb_blog][\/et_pb_column][\/et_pb_row][\/et_pb_section][et_pb_section fb_built=&#8221;1&#8243; _builder_version=&#8221;4.22.1&#8243; _module_preset=&#8221;default&#8221; custom_padding=&#8221;64px||196px||false|false&#8221; global_colors_info=&#8221;{}&#8221;][et_pb_row _builder_version=&#8221;4.22.1&#8243; _module_preset=&#8221;default&#8221; global_colors_info=&#8221;{}&#8221;][et_pb_column type=&#8221;4_4&#8243; _builder_version=&#8221;4.22.1&#8243; _module_preset=&#8221;default&#8221; global_colors_info=&#8221;{}&#8221;][et_pb_text _builder_version=&#8221;4.23&#8243; _module_preset=&#8221;default&#8221; content_en_gb=&#8221;<\/p>\n<h2>Inspiring resources<\/h2>\n<p>&#8221; global_colors_info=&#8221;{}&#8221;]<\/p>\n<h2>Ressources inspirantes<\/h2>\n<p>[\/et_pb_text][\/et_pb_column][\/et_pb_row][et_pb_row column_structure=&#8221;1_3,1_3,1_3&#8243; _builder_version=&#8221;4.22.1&#8243; _module_preset=&#8221;default&#8221; global_colors_info=&#8221;{}&#8221;][et_pb_column type=&#8221;1_3&#8243; _builder_version=&#8221;4.22.1&#8243; _module_preset=&#8221;76a8c287-b68b-4ef8-945f-996e4ad6f72d&#8221; global_colors_info=&#8221;{}&#8221;][et_pb_text _builder_version=&#8221;4.23.1&#8243; _module_preset=&#8221;default&#8221; global_colors_info=&#8221;{}&#8221;]<\/p>\n<div class=\"flex gap-8\"><span class=\"tag primary-tag\">Emotions<\/span><br \/><span class=\"tag secondary-tag\">Vid\u00e9o<\/span><\/div>\n<p>[\/et_pb_text][et_pb_text _builder_version=&#8221;4.23.1&#8243; _module_preset=&#8221;default&#8221; header_3_font_size=&#8221;20px&#8221; header_3_font_size_tablet=&#8221;20px&#8221; header_3_font_size_phone=&#8221;20px&#8221; header_3_font_size_last_edited=&#8221;on|phone&#8221; content_en_gb=&#8221;<\/p>\n<p>Emotions<\/p>\n<p>&#8221; global_colors_info=&#8221;{}&#8221;]<\/p>\n<h3>Accueillir ses Emotions<\/h3>\n<p>[\/et_pb_text][et_pb_video src=&#8221;https:\/\/youtu.be\/yX7xQfUtwqA&#8221; _builder_version=&#8221;4.23.1&#8243; _module_preset=&#8221;default&#8221; global_colors_info=&#8221;{}&#8221;][\/et_pb_video][\/et_pb_column][et_pb_column type=&#8221;1_3&#8243; _builder_version=&#8221;4.22.1&#8243; _module_preset=&#8221;76a8c287-b68b-4ef8-945f-996e4ad6f72d&#8221; global_colors_info=&#8221;{}&#8221;][et_pb_text _builder_version=&#8221;4.23.1&#8243; _module_preset=&#8221;default&#8221; global_colors_info=&#8221;{}&#8221;]<\/p>\n<div class=\"flex gap-8\"><span class=\"tag primary-tag\">Gestion du Temps<\/span><br \/><span class=\"tag secondary-tag\">Vid\u00e9o<\/span><\/div>\n<p>[\/et_pb_text][et_pb_text _builder_version=&#8221;4.23.1&#8243; _module_preset=&#8221;default&#8221; header_3_font_size=&#8221;20px&#8221; header_3_font_size_tablet=&#8221;20px&#8221; header_3_font_size_phone=&#8221;20px&#8221; header_3_font_size_last_edited=&#8221;on|phone&#8221; content_en_gb=&#8221;Time Management&#8221; global_colors_info=&#8221;{}&#8221;]<\/p>\n<h3>Gestion de nos Cailloux<\/h3>\n<p>[\/et_pb_text][et_pb_video src=&#8221;https:\/\/www.youtube.com\/watch?v=B_XAuBaD2kg&#8221; _builder_version=&#8221;4.23.1&#8243; _module_preset=&#8221;default&#8221; global_colors_info=&#8221;{}&#8221;][\/et_pb_video][\/et_pb_column][et_pb_column type=&#8221;1_3&#8243; _builder_version=&#8221;4.22.1&#8243; _module_preset=&#8221;76a8c287-b68b-4ef8-945f-996e4ad6f72d&#8221; global_colors_info=&#8221;{}&#8221;][et_pb_text _builder_version=&#8221;4.27.0&#8243; _module_preset=&#8221;default&#8221; hover_enabled=&#8221;0&#8243; global_colors_info=&#8221;{}&#8221; sticky_enabled=&#8221;0&#8243;]<\/p>\n<div class=\"flex gap-8\"><span class=\"tag primary-tag\">Mieux se Connaitre<\/span><br \/><span class=\"tag secondary-tag\">PodCast<\/span><\/div>\n<p>[\/et_pb_text][et_pb_text _builder_version=&#8221;4.27.0&#8243; _module_preset=&#8221;default&#8221; header_3_font_size=&#8221;20px&#8221; hover_enabled=&#8221;0&#8243; header_3_font_size_tablet=&#8221;20px&#8221; header_3_font_size_phone=&#8221;20px&#8221; header_3_font_size_last_edited=&#8221;on|phone&#8221; content_en_gb=&#8221;J&#8217;arr\u00eate de r\u00e2ler&#8221; global_colors_info=&#8221;{}&#8221; sticky_enabled=&#8221;0&#8243;]<\/p>\n<h3>Travail avec ses voix int\u00e9rieures<\/h3>\n<p>[\/et_pb_text][et_pb_video _builder_version=&#8221;4.27.0&#8243; _module_preset=&#8221;default&#8221; global_colors_info=&#8221;{}&#8221; src=&#8221;https:\/\/open.spotify.com\/episode\/6QNuUDQGjOTNNFPyVafJX9&#8243; hover_enabled=&#8221;0&#8243; sticky_enabled=&#8221;0&#8243;][\/et_pb_video][\/et_pb_column][\/et_pb_row][et_pb_row column_structure=&#8221;1_3,1_3,1_3&#8243; _builder_version=&#8221;4.22.1&#8243; _module_preset=&#8221;default&#8221; global_colors_info=&#8221;{}&#8221;][et_pb_column type=&#8221;1_3&#8243; _builder_version=&#8221;4.22.1&#8243; _module_preset=&#8221;76a8c287-b68b-4ef8-945f-996e4ad6f72d&#8221; global_colors_info=&#8221;{}&#8221;][et_pb_text _builder_version=&#8221;4.23.1&#8243; _module_preset=&#8221;default&#8221; global_colors_info=&#8221;{}&#8221;]<\/p>\n<div class=\"flex gap-8\"><span class=\"tag primary-tag\">Emotions<\/span><br \/><span class=\"tag secondary-tag\">Vid\u00e9o<\/span><\/div>\n<p>[\/et_pb_text][et_pb_text _builder_version=&#8221;4.23.1&#8243; _module_preset=&#8221;default&#8221; header_3_font_size=&#8221;20px&#8221; header_3_font_size_tablet=&#8221;20px&#8221; header_3_font_size_phone=&#8221;20px&#8221; header_3_font_size_last_edited=&#8221;on|phone&#8221; content_en_gb=&#8221;<\/p>\n<p>Emotions<\/p>\n<p>&#8221; global_colors_info=&#8221;{}&#8221;]<\/p>\n<h3>Ce que me disent mes Emotions<\/h3>\n<p>[\/et_pb_text][et_pb_video src=&#8221;https:\/\/www.youtube.com\/watch?v=_DakEvdZWLk&#8221; _builder_version=&#8221;4.23.1&#8243; _module_preset=&#8221;default&#8221; global_colors_info=&#8221;{}&#8221;][\/et_pb_video][\/et_pb_column][et_pb_column type=&#8221;1_3&#8243; _builder_version=&#8221;4.22.1&#8243; _module_preset=&#8221;76a8c287-b68b-4ef8-945f-996e4ad6f72d&#8221; global_colors_info=&#8221;{}&#8221;][et_pb_text _builder_version=&#8221;4.23.1&#8243; _module_preset=&#8221;default&#8221; global_colors_info=&#8221;{}&#8221;]<\/p>\n<div class=\"flex gap-8\"><span class=\"tag primary-tag\">Gestion du Temps<\/span><br \/><span class=\"tag secondary-tag\">Vid\u00e9o<\/span><\/div>\n<p>[\/et_pb_text][et_pb_text _builder_version=&#8221;4.23.1&#8243; _module_preset=&#8221;default&#8221; header_3_font_size=&#8221;20px&#8221; header_3_font_size_tablet=&#8221;20px&#8221; header_3_font_size_phone=&#8221;20px&#8221; header_3_font_size_last_edited=&#8221;on|phone&#8221; content_en_gb=&#8221;Time Management&#8221; global_colors_info=&#8221;{}&#8221;]<\/p>\n<h3>Cerveau et Procrastination<\/h3>\n<p>[\/et_pb_text][et_pb_video src=&#8221;https:\/\/www.youtube.com\/watch?v=arj7oStGLkU&#8221; _builder_version=&#8221;4.23.1&#8243; _module_preset=&#8221;default&#8221; global_colors_info=&#8221;{}&#8221;][\/et_pb_video][\/et_pb_column][et_pb_column type=&#8221;1_3&#8243; _builder_version=&#8221;4.22.1&#8243; _module_preset=&#8221;76a8c287-b68b-4ef8-945f-996e4ad6f72d&#8221; global_colors_info=&#8221;{}&#8221;][et_pb_text _builder_version=&#8221;4.23.1&#8243; _module_preset=&#8221;default&#8221; global_colors_info=&#8221;{}&#8221;]<\/p>\n<div class=\"flex gap-8\"><span class=\"tag primary-tag\">Transition<\/span><br \/><span class=\"tag secondary-tag\">Vid\u00e9o<\/span><\/div>\n<p>[\/et_pb_text][et_pb_text _builder_version=&#8221;4.23.1&#8243; _module_preset=&#8221;default&#8221; header_3_font_size=&#8221;20px&#8221; header_3_font_size_tablet=&#8221;20px&#8221; header_3_font_size_phone=&#8221;20px&#8221; header_3_font_size_last_edited=&#8221;on|phone&#8221; content_en_gb=&#8221;J&#8217;arr\u00eate de r\u00e2ler&#8221; global_colors_info=&#8221;{}&#8221;]<\/p>\n<h3>Sens du Travail<\/h3>\n<p>[\/et_pb_text][et_pb_video src=&#8221;https:\/\/www.youtube.com\/watch?v=uAE22c19EjU&#8221; _builder_version=&#8221;4.23.1&#8243; _module_preset=&#8221;default&#8221; global_colors_info=&#8221;{}&#8221;][\/et_pb_video][\/et_pb_column][\/et_pb_row][et_pb_row column_structure=&#8221;1_3,1_3,1_3&#8243; _builder_version=&#8221;4.22.1&#8243; _module_preset=&#8221;default&#8221; global_colors_info=&#8221;{}&#8221;][et_pb_column type=&#8221;1_3&#8243; _builder_version=&#8221;4.22.1&#8243; _module_preset=&#8221;76a8c287-b68b-4ef8-945f-996e4ad6f72d&#8221; global_colors_info=&#8221;{}&#8221;][et_pb_text _builder_version=&#8221;4.27.0&#8243; _module_preset=&#8221;default&#8221; hover_enabled=&#8221;0&#8243; global_colors_info=&#8221;{}&#8221; sticky_enabled=&#8221;0&#8243;]<\/p>\n<div class=\"flex gap-8\"><span class=\"tag primary-tag\">Relations<\/span><br \/><span class=\"tag secondary-tag\">PodCast<\/span><\/div>\n<p>[\/et_pb_text][et_pb_text _builder_version=&#8221;4.27.0&#8243; _module_preset=&#8221;default&#8221; header_3_font_size=&#8221;20px&#8221; hover_enabled=&#8221;0&#8243; header_3_font_size_tablet=&#8221;20px&#8221; header_3_font_size_phone=&#8221;20px&#8221; header_3_font_size_last_edited=&#8221;on|phone&#8221; content_en_gb=&#8221;<\/p>\n<p>Emotions<\/p>\n<p>&#8221; global_colors_info=&#8221;{}&#8221; sticky_enabled=&#8221;0&#8243;]<\/p>\n<h3>Jeux Psychologiques<\/h3>\n<p>[\/et_pb_text][et_pb_video _builder_version=&#8221;4.27.0&#8243; _module_preset=&#8221;default&#8221; global_colors_info=&#8221;{}&#8221; src=&#8221;https:\/\/open.spotify.com\/episode\/40tftPGxwZmeHDT1UV0sjt&#8221; hover_enabled=&#8221;0&#8243; sticky_enabled=&#8221;0&#8243;][\/et_pb_video][\/et_pb_column][et_pb_column type=&#8221;1_3&#8243; _builder_version=&#8221;4.22.1&#8243; _module_preset=&#8221;76a8c287-b68b-4ef8-945f-996e4ad6f72d&#8221; global_colors_info=&#8221;{}&#8221;][et_pb_text _builder_version=&#8221;4.27.0&#8243; _module_preset=&#8221;default&#8221; hover_enabled=&#8221;0&#8243; global_colors_info=&#8221;{}&#8221; sticky_enabled=&#8221;0&#8243;]<\/p>\n<div class=\"flex gap-8\"><span class=\"tag primary-tag\">Confiance en Soi<\/span><br \/><span class=\"tag secondary-tag\">Vid\u00e9o<\/span><\/div>\n<p>[\/et_pb_text][et_pb_text _builder_version=&#8221;4.27.0&#8243; _module_preset=&#8221;default&#8221; header_3_font_size=&#8221;20px&#8221; hover_enabled=&#8221;0&#8243; header_3_font_size_tablet=&#8221;20px&#8221; header_3_font_size_phone=&#8221;20px&#8221; header_3_font_size_last_edited=&#8221;on|phone&#8221; content_en_gb=&#8221;Time Management&#8221; global_colors_info=&#8221;{}&#8221; sticky_enabled=&#8221;0&#8243;]<\/p>\n<h3>Femmes au Travail<\/h3>\n<p>[\/et_pb_text][et_pb_video src=&#8221;https:\/\/www.youtube.com\/watch?v=5UDjdS0_7sk&#038;ab_channel=Freelance&#8221; _builder_version=&#8221;4.27.0&#8243; _module_preset=&#8221;default&#8221; hover_enabled=&#8221;0&#8243; global_colors_info=&#8221;{}&#8221; sticky_enabled=&#8221;0&#8243;][\/et_pb_video][\/et_pb_column][et_pb_column type=&#8221;1_3&#8243; _builder_version=&#8221;4.22.1&#8243; _module_preset=&#8221;76a8c287-b68b-4ef8-945f-996e4ad6f72d&#8221; global_colors_info=&#8221;{}&#8221;][et_pb_text _builder_version=&#8221;4.23.1&#8243; _module_preset=&#8221;default&#8221; global_colors_info=&#8221;{}&#8221;]<\/p>\n<div class=\"flex gap-8\"><span class=\"tag primary-tag\">Confiance en Soi<\/span><br \/><span class=\"tag secondary-tag\">Vid\u00e9o<\/span><\/div>\n<p>[\/et_pb_text][et_pb_text _builder_version=&#8221;4.23.1&#8243; _module_preset=&#8221;default&#8221; header_3_font_size=&#8221;20px&#8221; header_3_font_size_tablet=&#8221;20px&#8221; header_3_font_size_phone=&#8221;20px&#8221; header_3_font_size_last_edited=&#8221;on|phone&#8221; content_en_gb=&#8221;J&#8217;arr\u00eate de r\u00e2ler&#8221; global_colors_info=&#8221;{}&#8221;]<\/p>\n<h3>Ecouter ses besoins<\/h3>\n<p>[\/et_pb_text][et_pb_video src=&#8221;https:\/\/youtu.be\/VeDeIeJAFEU&#8221; _builder_version=&#8221;4.23.1&#8243; _module_preset=&#8221;default&#8221; global_colors_info=&#8221;{}&#8221;][\/et_pb_video][\/et_pb_column][\/et_pb_row][\/et_pb_section][et_pb_section fb_built=&#8221;1&#8243; module_id=&#8221;ProchainsWebinaires&#8221; _builder_version=&#8221;4.24.1&#8243; _module_preset=&#8221;019458d8-7d44-4aca-b084-d2244bdcf63b&#8221; background_enable_color=&#8221;off&#8221; min_height=&#8221;669px&#8221; custom_padding=&#8221;96px||64px||false|false&#8221; global_colors_info=&#8221;{}&#8221;][et_pb_row column_structure=&#8221;1_3,1_3,1_3&#8243; module_id=&#8221;newsletter&#8221; _builder_version=&#8221;4.23.1&#8243; _module_preset=&#8221;default&#8221; custom_padding=&#8221;64px||0px||false|false&#8221; border_width_top=&#8221;1px&#8221; border_color_top=&#8221;gcid-19968f03-73a7-454a-9453-ef9542b6b55f&#8221; global_colors_info=&#8221;{%22gcid-19968f03-73a7-454a-9453-ef9542b6b55f%22:%91%22border_color_top%22%93}&#8221;][et_pb_column type=&#8221;1_3&#8243; _builder_version=&#8221;4.22.1&#8243; _module_preset=&#8221;default&#8221; global_colors_info=&#8221;{}&#8221;][et_pb_text _builder_version=&#8221;4.23&#8243; _module_preset=&#8221;default&#8221; content_en_gb=&#8221;<\/p>\n<h2>Stay tuned about upcoming webinars<\/h2>\n<p>&#8221; global_colors_info=&#8221;{}&#8221;]<\/p>\n<h2>Soyez au courant des prochains webinaires<\/h2>\n<p>[\/et_pb_text][et_pb_text _builder_version=&#8221;4.23&#8243; _module_preset=&#8221;default&#8221; content_en_gb=&#8221;<\/p>\n<p>To get an alert on upcoming events<\/p>\n<p>&#8221; global_colors_info=&#8221;{}&#8221;]<\/p>\n<p>Pour \u00eatre les premiers \u00e0 conna\u00eetre les \u00e9v\u00e8nements \u00e0 venir<\/p>\n<p>[\/et_pb_text][\/et_pb_column][et_pb_column type=&#8221;1_3&#8243; _builder_version=&#8221;4.22.1&#8243; _module_preset=&#8221;default&#8221; global_colors_info=&#8221;{}&#8221;][et_pb_text _builder_version=&#8221;4.23&#8243; _module_preset=&#8221;default&#8221; content_en_gb=&#8221;<\/p>\n<ul class=%22grid gap-16%22>\n<li>To know yourself better<\/li>\n<li>To understand how to better work together <\/li>\n<li>To stay informed about best management practises <\/li>\n<\/ul>\n<p>&#8221; global_colors_info=&#8221;{}&#8221;]<\/p>\n<ul class=\"grid gap-16\">\n<li>Pour mieux vous comprendre<\/li>\n<li>Pour comprendre comment mieux travailler ensemble<\/li>\n<li>Pour rester au fait des meilleures pratiques de Management<\/li>\n<\/ul>\n<p>[\/et_pb_text][\/et_pb_column][et_pb_column type=&#8221;1_3&#8243; _builder_version=&#8221;4.22.1&#8243; _module_preset=&#8221;default&#8221; global_colors_info=&#8221;{}&#8221;][et_pb_text _builder_version=&#8221;4.23.1&#8243; _module_preset=&#8221;default&#8221; global_colors_info=&#8221;{}&#8221;]                <div class=\"ml-embedded\" data-form=\"ovan5o\"><\/div>\n            [\/et_pb_text][et_pb_code _builder_version=&#8221;4.23&#8243; _module_preset=&#8221;default&#8221; global_colors_info=&#8221;{}&#8221;][\/et_pb_code][\/et_pb_column][\/et_pb_row][\/et_pb_section]<\/p>\n","protected":false},"excerpt":{"rendered":"<p>Conseils et articles inspirants pour une prise de poste r\u00e9ussie, le d\u00e9veloppement des comp\u00e9tences et le travail d&#8217;\u00e9quipe efficace.<\/p>\n","protected":false},"author":2,"featured_media":221,"parent":0,"menu_order":0,"comment_status":"closed","ping_status":"closed","template":"","meta":{"_et_pb_use_builder":"on","_et_pb_old_content":"","_et_gb_content_width":"","footnotes":""},"class_list":["post-266","page","type-page","status-publish","has-post-thumbnail","hentry"],"_links":{"self":[{"href":"https:\/\/time2shine.fr\/en\/wp-json\/wp\/v2\/pages\/266","targetHints":{"allow":["GET"]}}],"collection":[{"href":"https:\/\/time2shine.fr\/en\/wp-json\/wp\/v2\/pages"}],"about":[{"href":"https:\/\/time2shine.fr\/en\/wp-json\/wp\/v2\/types\/page"}],"author":[{"embeddable":true,"href":"https:\/\/time2shine.fr\/en\/wp-json\/wp\/v2\/users\/2"}],"replies":[{"embeddable":true,"href":"https:\/\/time2shine.fr\/en\/wp-json\/wp\/v2\/comments?post=266"}],"version-history":[{"count":37,"href":"https:\/\/time2shine.fr\/en\/wp-json\/wp\/v2\/pages\/266\/revisions"}],"predecessor-version":[{"id":1703,"href":"https:\/\/time2shine.fr\/en\/wp-json\/wp\/v2\/pages\/266\/revisions\/1703"}],"wp:featuredmedia":[{"embeddable":true,"href":"https:\/\/time2shine.fr\/en\/wp-json\/wp\/v2\/media\/221"}],"wp:attachment":[{"href":"https:\/\/time2shine.fr\/en\/wp-json\/wp\/v2\/media?parent=266"}],"curies":[{"name":"wp","href":"https:\/\/api.w.org\/{rel}","templated":true}]}}